{"id":381,"date":"2018-01-25T11:52:44","date_gmt":"2018-01-25T10:52:44","guid":{"rendered":"http:\/\/antifrostcandles.com\/francais\/?page_id=381"},"modified":"2018-01-25T11:57:44","modified_gmt":"2018-01-25T10:57:44","slug":"cookies","status":"publish","type":"page","link":"https:\/\/antifrostcandles.com\/francais\/cookies\/","title":{"rendered":"Cookies"},"content":{"rendered":"<p>Il presente sito utilizza cookies o marcatori, che tecnicamente sono pacchetti di informazioni inviate da un web server (in questo caso, dal presente sito) al browser Internet del visitatore\/utente e da quest\u2019ultimo memorizzati automaticamente sul personal computer e rinviati automaticamente al server ad ogni successivo accesso al sito. Pertanto per una completa fruizione del presente sito, si consiglia di configurare il browser in modo che accetti la ricezione dei cookie.<br \/>\nInformiamo che di default quasi tutti i browser web sono impostati per accettare automaticamente i cookies. I visitatori\/utenti possono comunque modificare la configurazione predefinita. Come sopra precisato, la disabilitazione o la cancellazione dei cookies per\u00f2 potrebbe precludere la fruizione ottimale di alcune aree del sito o compromettere l\u2019utilizzo dei servizi sotto autenticazione.<br \/>\nSe gli utenti\/visitatori vogliono decidere di volta in volta se accettare o meno i cookie, possono anche configurare il proprio browser affinch\u00e9 generi un avviso ogni volta che viene salvato un cookie.<br \/>\nI cookie utilizzati sono sia persistenti (rimangono cio\u00e8 memorizzati, fino alla loro scadenza, sul disco rigido del personal computer dell\u2019utente\/visitatore) che di sessione (non vengono cio\u00e8 memorizzati in modo persistente sul computer dell\u2019utente\/visitatore e svaniscono con la chiusura del browser).<br \/>\nI cookie vengono usati al fine di agevolare la navigazione all\u2019interno del sito e la sua corretta fruizione, per facilitare l\u2019accesso ai servizi che richiedono l\u2019autenticazione (evitando che gli utenti debbano reinserire le credenziali di autenticazione ad ogni accesso ai servizi), a fini statistici, per conoscere quali aree del sito sono state visitate, nonch\u00e9, in alcuni casi, per una gestione ottimale delle pagine e degli spazi pubblicitari ovvero per erogare contenuti e pubblicit\u00e0 in linea con le scelte operate dai navigatori.<br \/>\nI cookie di sessione sono utilizzati al fine di trasmettere gli identificativi di sessione necessari per consentire l\u2019esplorazione sicura ed efficiente del sito. I cookie di sessione utilizzati in questo sito evitano il ricorso ad altre tecniche informatiche potenzialmente pregiudizievoli per la riservatezza della navigazione degli utenti\/visitatori e vengono impiegati anche per migliorare l\u2019erogazione dei servizi.<br \/>\nInoltre, i cookie possono essere propri del sito (utilizzati, ad esempio, per conoscere il numero di pagine visitate all\u2019interno del sito stesso) oppure di terze parti (ovvero generati da altri siti per erogare contenuto sul sito che si sta visitando). Il presente sito pu\u00f2 utilizzare cookie anonimi di terze parti al fine gestire in modalit\u00e0 dinamica ed evoluta l\u2019erogazione di messaggi pubblicitari. I browser pi\u00f9 diffusi prevedono la possibilit\u00e0 di bloccare esclusivamente i cookies di terze parti, accettando solo quelli propri del sito. Inoltre, alcune societ\u00e0 che generano cookies su siti terzi, offrono la possibilit\u00e0 di disattivare e\/o inibire in modo semplice e immediato solo i propri cookies, anche quando questi sono anonimi, ovvero non comportano la registrazione di dati personali identificativi (quali, a titolo esemplificativo, l\u2019indirizzo IP).<\/p>\n<p>Cookies inseriti a fini di analisi aggregata delle visite al sito<br \/>\n<a href=\"http:\/\/antifrostcandles.com\/francais\">http:\/\/antifrostcandles.com\/francais<\/a> si avvale di strumenti di analisi aggregata dei dati di navigazione che consentono di migliorare i Siti Web, come Google Analytics. Questi strumenti utilizzano dei cookies che vengono depositati sul computer dell\u2019utente allo scopo di consentire al gestore dei Siti Web di analizzare come gli utenti utilizzano i siti stessi. Le informazioni generate dal cookie sull\u2019utilizzo dei Siti Web da parte dell\u2019utente verranno trasmesse e depositate presso i server di Google. Queste informazioni sono utilizzate allo scopo di tracciare e esaminare l\u2019utilizzo dei Sito Web da parte dell\u2019utente, compilare report sulle attivit\u00e0 dei Siti Web per gli operatori degli stessi e fornire altri servizi relativi alle attivit\u00e0 dei Sito Web e all\u2019utilizzo di Internet. Gli utenti che non volessero i cookies relativi a Google Analytics potranno impedirne la memorizzazione sul proprio computer attraverso l\u2019apposito \u201cComponente aggiuntivo del browser per la disattivazione di Google Analytics\u201d messo a disposizione da Google all\u2019indirizzo\u00a0https:\/\/tools.google.com\/dlpage\/gaoptout. Per attivare il componente, che inibisce il sistema di invio di informazioni sulla visita dell\u2019utente, sar\u00e0 sufficiente installarlo seguendo le istruzioni sullo schermo, chiudere e riaprire il browser.<\/p>\n<p>Come disabilitare i cookies<br \/>\nLa maggioranza dei browser internet sono inizialmente impostati per accettare i cookies in modo automatico. L\u2019utente pu\u00f2 modificare queste impostazioni per bloccare i cookies o per avvertire che dei cookies vengono mandati al dispositivo dell\u2019utente medesimo. Esistono vari modi per gestire i cookies. L\u2019utente pu\u00f2 fare riferimento al manuale d\u2019istruzioni o alla schermata di aiuto del suo browser per scoprire come regolare o modificare le impostazioni del suo browser. In caso di dispositivi diversi (per esempio, computer, smartphone, tablet, ecc.), l\u2019utente dovr\u00e0 assicurarsi che ciascun browser su ciascun dispositivo sia regolato per riflettere le proprie preferenze relative ai cookies.<\/p>\n<p>Elenco cookies utilizzati nel sito<\/p>\n<table width=\"100%\">\n<thead>\n<tr>\n<td width=\"130\"><strong>Nome<\/strong><\/td>\n<td width=\"79\"><strong>tipo<\/strong><\/td>\n<td width=\"76\"><strong>Durata<\/strong><\/td>\n<td width=\"170\"><strong>Dominio \/ Azienda<\/strong><\/td>\n<td width=\"122\"><strong>Scopo<\/strong><\/td>\n<\/tr>\n<\/thead>\n<tbody>\n<tr>\n<td width=\"130\"><strong>wordpress_logged_in<\/strong><\/td>\n<td width=\"79\">Funzionale<\/td>\n<td width=\"76\">Sessione<\/td>\n<td width=\"170\"><a href=\"http:\/\/antifrostcandles.com\/francais\">http:\/\/antifrostcandles.com\/francais<\/a><\/td>\n<td width=\"122\">E\u2019 usato dal CMS WordPress per la sua normale attivit\u00e0 di gestione del sito.<\/td>\n<\/tr>\n<tr>\n<td width=\"130\"><strong>wp-settings-1<\/strong><\/td>\n<td width=\"79\">Funzionale<\/td>\n<td width=\"76\">1 anno<\/td>\n<td width=\"170\"><a href=\"http:\/\/antifrostcandles.com\/francais\">http:\/\/antifrostcandles.com\/francais<\/a><\/td>\n<td width=\"122\">E\u2019 usato dal CMS WordPress per la sua normale attivit\u00e0 di gestione del sito.<\/td>\n<\/tr>\n<tr>\n<td width=\"130\"><strong>wp-settings-time-1<\/strong><\/td>\n<td width=\"79\">Funzionale<\/td>\n<td width=\"76\">1\u00a0giorno<\/td>\n<td width=\"170\"><a href=\"http:\/\/antifrostcandles.com\/francais\">http:\/\/antifrostcandles.com\/francais<\/a><\/td>\n<td width=\"122\">E\u2019 usato dal CMS WordPress per la\u00a0sicurezza degli accessi.<\/td>\n<\/tr>\n<\/tbody>\n<\/table>\n","protected":false},"excerpt":{"rendered":"<p>Il presente sito utilizza cookies o marcatori, che tecnicamente sono pacchetti di informazioni inviate da un web server (in questo caso, dal presente sito) al browser Internet del visitatore\/utente e da quest\u2019ultimo memorizzati automaticamente sul personal computer e rinviati automaticamente al server ad ogni successivo&#8230;<\/p>\n","protected":false},"author":1,"featured_media":0,"parent":0,"menu_order":0,"comment_status":"closed","ping_status":"closed","template":"","meta":{"footnotes":""},"class_list":["post-381","page","type-page","status-publish","hentry"],"yoast_head":"<!-- This site is optimized with the Yoast SEO plugin v21.5 - https:\/\/yoast.com\/wordpress\/plugins\/seo\/ -->\n<title>Cookies - Bougie Antigel<\/title>\n<meta name=\"robots\" content=\"index, follow, max-snippet:-1, max-image-preview:large, max-video-preview:-1\" \/>\n<link rel=\"canonical\" href=\"https:\/\/antifrostcandles.com\/francais\/cookies\/\" \/>\n<meta property=\"og:locale\" content=\"fr_FR\" \/>\n<meta property=\"og:type\" content=\"article\" \/>\n<meta property=\"og:title\" content=\"Cookies - Bougie Antigel\" \/>\n<meta property=\"og:description\" content=\"Il presente sito utilizza cookies o marcatori, che tecnicamente sono pacchetti di informazioni inviate da un web server (in questo caso, dal presente sito) al browser Internet del visitatore\/utente e da quest\u2019ultimo memorizzati automaticamente sul personal computer e rinviati automaticamente al server ad ogni successivo...\" \/>\n<meta property=\"og:url\" content=\"https:\/\/antifrostcandles.com\/francais\/cookies\/\" \/>\n<meta property=\"og:site_name\" content=\"Bougie Antigel\" \/>\n<meta property=\"article:modified_time\" content=\"2018-01-25T10:57:44+00:00\" \/>\n<meta name=\"twitter:card\" content=\"summary_large_image\" \/>\n<meta name=\"twitter:label1\" content=\"Dur\u00e9e de lecture estim\u00e9e\" \/>\n\t<meta name=\"twitter:data1\" content=\"4 minutes\" \/>\n<script type=\"application\/ld+json\" class=\"yoast-schema-graph\">{\"@context\":\"https:\/\/schema.org\",\"@graph\":[{\"@type\":\"WebPage\",\"@id\":\"https:\/\/antifrostcandles.com\/francais\/cookies\/\",\"url\":\"https:\/\/antifrostcandles.com\/francais\/cookies\/\",\"name\":\"Cookies - Bougie Antigel\",\"isPartOf\":{\"@id\":\"https:\/\/antifrostcandles.com\/francais\/#website\"},\"datePublished\":\"2018-01-25T10:52:44+00:00\",\"dateModified\":\"2018-01-25T10:57:44+00:00\",\"breadcrumb\":{\"@id\":\"https:\/\/antifrostcandles.com\/francais\/cookies\/#breadcrumb\"},\"inLanguage\":\"fr-FR\",\"potentialAction\":[{\"@type\":\"ReadAction\",\"target\":[\"https:\/\/antifrostcandles.com\/francais\/cookies\/\"]}]},{\"@type\":\"BreadcrumbList\",\"@id\":\"https:\/\/antifrostcandles.com\/francais\/cookies\/#breadcrumb\",\"itemListElement\":[{\"@type\":\"ListItem\",\"position\":1,\"name\":\"Home\",\"item\":\"https:\/\/antifrostcandles.com\/francais\/\"},{\"@type\":\"ListItem\",\"position\":2,\"name\":\"Cookies\"}]},{\"@type\":\"WebSite\",\"@id\":\"https:\/\/antifrostcandles.com\/francais\/#website\",\"url\":\"https:\/\/antifrostcandles.com\/francais\/\",\"name\":\"Bougie Antigel\",\"description\":\"\",\"potentialAction\":[{\"@type\":\"SearchAction\",\"target\":{\"@type\":\"EntryPoint\",\"urlTemplate\":\"https:\/\/antifrostcandles.com\/francais\/?s={search_term_string}\"},\"query-input\":\"required name=search_term_string\"}],\"inLanguage\":\"fr-FR\"}]}<\/script>\n<!-- \/ Yoast SEO plugin. -->","yoast_head_json":{"title":"Cookies - Bougie Antigel","robots":{"index":"index","follow":"follow","max-snippet":"max-snippet:-1","max-image-preview":"max-image-preview:large","max-video-preview":"max-video-preview:-1"},"canonical":"https:\/\/antifrostcandles.com\/francais\/cookies\/","og_locale":"fr_FR","og_type":"article","og_title":"Cookies - Bougie Antigel","og_description":"Il presente sito utilizza cookies o marcatori, che tecnicamente sono pacchetti di informazioni inviate da un web server (in questo caso, dal presente sito) al browser Internet del visitatore\/utente e da quest\u2019ultimo memorizzati automaticamente sul personal computer e rinviati automaticamente al server ad ogni successivo...","og_url":"https:\/\/antifrostcandles.com\/francais\/cookies\/","og_site_name":"Bougie Antigel","article_modified_time":"2018-01-25T10:57:44+00:00","twitter_card":"summary_large_image","twitter_misc":{"Dur\u00e9e de lecture estim\u00e9e":"4 minutes"},"schema":{"@context":"https:\/\/schema.org","@graph":[{"@type":"WebPage","@id":"https:\/\/antifrostcandles.com\/francais\/cookies\/","url":"https:\/\/antifrostcandles.com\/francais\/cookies\/","name":"Cookies - Bougie Antigel","isPartOf":{"@id":"https:\/\/antifrostcandles.com\/francais\/#website"},"datePublished":"2018-01-25T10:52:44+00:00","dateModified":"2018-01-25T10:57:44+00:00","breadcrumb":{"@id":"https:\/\/antifrostcandles.com\/francais\/cookies\/#breadcrumb"},"inLanguage":"fr-FR","potentialAction":[{"@type":"ReadAction","target":["https:\/\/antifrostcandles.com\/francais\/cookies\/"]}]},{"@type":"BreadcrumbList","@id":"https:\/\/antifrostcandles.com\/francais\/cookies\/#breadcrumb","itemListElement":[{"@type":"ListItem","position":1,"name":"Home","item":"https:\/\/antifrostcandles.com\/francais\/"},{"@type":"ListItem","position":2,"name":"Cookies"}]},{"@type":"WebSite","@id":"https:\/\/antifrostcandles.com\/francais\/#website","url":"https:\/\/antifrostcandles.com\/francais\/","name":"Bougie Antigel","description":"","potentialAction":[{"@type":"SearchAction","target":{"@type":"EntryPoint","urlTemplate":"https:\/\/antifrostcandles.com\/francais\/?s={search_term_string}"},"query-input":"required name=search_term_string"}],"inLanguage":"fr-FR"}]}},"_links":{"self":[{"href":"https:\/\/antifrostcandles.com\/francais\/wp-json\/wp\/v2\/pages\/381","targetHints":{"allow":["GET"]}}],"collection":[{"href":"https:\/\/antifrostcandles.com\/francais\/wp-json\/wp\/v2\/pages"}],"about":[{"href":"https:\/\/antifrostcandles.com\/francais\/wp-json\/wp\/v2\/types\/page"}],"author":[{"embeddable":true,"href":"https:\/\/antifrostcandles.com\/francais\/wp-json\/wp\/v2\/users\/1"}],"replies":[{"embeddable":true,"href":"https:\/\/antifrostcandles.com\/francais\/wp-json\/wp\/v2\/comments?post=381"}],"version-history":[{"count":3,"href":"https:\/\/antifrostcandles.com\/francais\/wp-json\/wp\/v2\/pages\/381\/revisions"}],"predecessor-version":[{"id":384,"href":"https:\/\/antifrostcandles.com\/francais\/wp-json\/wp\/v2\/pages\/381\/revisions\/384"}],"wp:attachment":[{"href":"https:\/\/antifrostcandles.com\/francais\/wp-json\/wp\/v2\/media?parent=381"}],"curies":[{"name":"wp","href":"https:\/\/api.w.org\/{rel}","templated":true}]}}