{"id":398,"date":"2022-01-21T14:56:55","date_gmt":"2022-01-21T13:56:55","guid":{"rendered":"http:\/\/antifrostcandles.com\/francais\/?page_id=398"},"modified":"2023-06-12T12:02:58","modified_gmt":"2023-06-12T10:02:58","slug":"la-societe","status":"publish","type":"page","link":"https:\/\/antifrostcandles.com\/francais\/la-societe\/","title":{"rendered":"LA SOCIETE"},"content":{"rendered":"<p>[vc_row css_animation=&#8221;&#8221; row_type=&#8221;row&#8221; use_row_as_full_screen_section=&#8221;no&#8221; type=&#8221;full_width&#8221; angled_section=&#8221;no&#8221; text_align=&#8221;left&#8221; background_image_as_pattern=&#8221;without_pattern&#8221;][vc_column][vc_column_text]<\/p>\n<h3 style=\"line-height: 2.5em;\"><strong>SIMP, UNE SOCI\u00c9T\u00c9 CERTIFI\u00c9E ISO 9001, EST UN LEADER<\/strong><\/h3>\n<h3 style=\"line-height: 2.5em;\">DANS LA PRODUCTION ET LA DISTRIBUTION DE CIRIERS DEPUIS 1940.<\/h3>\n<p>&nbsp;<\/p>\n<p style=\"line-height: 2.5em;\">Notre connaissance approfondie des mati\u00e8res premi\u00e8res et les exigences sp\u00e9cifiques du secteur agroalimentaire nous ont amen\u00e9s \u00e0 d\u00e9velopper et produire en Italie des <strong>syst\u00e8mes actifs de chauffage au sol antigel<\/strong>, test\u00e9s depuis des d\u00e9cennies dans les zones sujettes aux gel\u00e9es tardives.<\/p>\n<p style=\"line-height: 2.5em;\">Les <strong>retours<\/strong> constants de nos clients nous ont permis <strong>d&#8217;am\u00e9liorer davantage<\/strong> nos bougies antigel en proposant des solutions innovantes pour r\u00e9pondre aux nouvelles exigences du march\u00e9, telles que <strong>la r\u00e9duction de la pollution et l&#8217;utilisation de mati\u00e8res premi\u00e8res naturelles<\/strong>.<\/p>\n<p style=\"line-height: 2.5em;\">Notre <strong>\u00e9quipe d&#8217;experts<\/strong> est \u00e0 <strong>votre disposition<\/strong> pour toute demande technique ou commerciale et pour vous aider \u00e0 utiliser au mieux nos produits.<\/p>\n<p>[\/vc_column_text][vc_empty_space][\/vc_column][\/vc_row][vc_row css_animation=&#8221;&#8221; row_type=&#8221;row&#8221; use_row_as_full_screen_section=&#8221;no&#8221; type=&#8221;full_width&#8221; angled_section=&#8221;no&#8221; text_align=&#8221;left&#8221; background_image_as_pattern=&#8221;without_pattern&#8221;][vc_column width=&#8221;1\/3&#8243;]<div class='image_hover ' style='' data-transition-delay=''><div class='images_holder'><img itemprop='image' class='' src='https:\/\/antifrostcandles.com\/francais\/wp-content\/uploads\/sites\/5\/2018\/01\/ciliegi.jpg' alt='' style='' \/><img itemprop='image' class='hover_image' src='' alt='' style='' \/><\/div><\/div>[\/vc_column][vc_column width=&#8221;1\/3&#8243;]<div class='image_hover ' style='' data-transition-delay=''><div class='images_holder'><img itemprop='image' class='' src='https:\/\/antifrostcandles.com\/francais\/wp-content\/uploads\/sites\/5\/2022\/01\/notte.jpg' alt='' style='' \/><img itemprop='image' class='hover_image' src='' alt='' style='' \/><\/div><\/div>[\/vc_column][vc_column width=&#8221;1\/3&#8243;]<div class='image_hover ' style='' data-transition-delay=''><div class='images_holder'><img itemprop='image' class='' src='https:\/\/antifrostcandles.com\/francais\/wp-content\/uploads\/sites\/5\/2018\/01\/vigne.jpg' alt='' style='' \/><img itemprop='image' class='hover_image' src='' alt='' style='' \/><\/div><\/div>[\/vc_column][\/vc_row]<\/p>\n","protected":false},"excerpt":{"rendered":"<p>[vc_row css_animation=&#8221;&#8221; row_type=&#8221;row&#8221; use_row_as_full_screen_section=&#8221;no&#8221; type=&#8221;full_width&#8221; angled_section=&#8221;no&#8221; text_align=&#8221;left&#8221; background_image_as_pattern=&#8221;without_pattern&#8221;][vc_column][vc_column_text] SIMP, UNE SOCI\u00c9T\u00c9 CERTIFI\u00c9E ISO 9001, EST UN LEADER DANS LA PRODUCTION ET LA DISTRIBUTION DE CIRIERS DEPUIS 1940. &nbsp; Notre connaissance approfondie des mati\u00e8res premi\u00e8res et les exigences sp\u00e9cifiques du secteur agroalimentaire nous ont amen\u00e9s \u00e0&#8230;<\/p>\n","protected":false},"author":1,"featured_media":0,"parent":0,"menu_order":0,"comment_status":"closed","ping_status":"closed","template":"","meta":{"footnotes":""},"class_list":["post-398","page","type-page","status-publish","hentry"],"yoast_head":"<!-- This site is optimized with the Yoast SEO plugin v21.5 - https:\/\/yoast.com\/wordpress\/plugins\/seo\/ -->\n<title>LA SOCIETE - Bougie Antigel<\/title>\n<meta name=\"robots\" content=\"index, follow, max-snippet:-1, max-image-preview:large, max-video-preview:-1\" \/>\n<link rel=\"canonical\" href=\"https:\/\/antifrostcandles.com\/francais\/la-societe\/\" \/>\n<meta property=\"og:locale\" content=\"fr_FR\" \/>\n<meta property=\"og:type\" content=\"article\" \/>\n<meta property=\"og:title\" content=\"LA SOCIETE - Bougie Antigel\" \/>\n<meta property=\"og:description\" content=\"[vc_row css_animation=&#8221;&#8221; row_type=&#8221;row&#8221; use_row_as_full_screen_section=&#8221;no&#8221; type=&#8221;full_width&#8221; angled_section=&#8221;no&#8221; text_align=&#8221;left&#8221; background_image_as_pattern=&#8221;without_pattern&#8221;][vc_column][vc_column_text] SIMP, UNE SOCI\u00c9T\u00c9 CERTIFI\u00c9E ISO 9001, EST UN LEADER DANS LA PRODUCTION ET LA DISTRIBUTION DE CIRIERS DEPUIS 1940. &nbsp; Notre connaissance approfondie des mati\u00e8res premi\u00e8res et les exigences sp\u00e9cifiques du secteur agroalimentaire nous ont amen\u00e9s \u00e0...\" \/>\n<meta property=\"og:url\" content=\"https:\/\/antifrostcandles.com\/francais\/la-societe\/\" \/>\n<meta property=\"og:site_name\" content=\"Bougie Antigel\" \/>\n<meta property=\"article:modified_time\" content=\"2023-06-12T10:02:58+00:00\" \/>\n<meta name=\"twitter:card\" content=\"summary_large_image\" \/>\n<meta name=\"twitter:label1\" content=\"Dur\u00e9e de lecture estim\u00e9e\" \/>\n\t<meta name=\"twitter:data1\" content=\"1 minute\" \/>\n<script type=\"application\/ld+json\" class=\"yoast-schema-graph\">{\"@context\":\"https:\/\/schema.org\",\"@graph\":[{\"@type\":\"WebPage\",\"@id\":\"https:\/\/antifrostcandles.com\/francais\/la-societe\/\",\"url\":\"https:\/\/antifrostcandles.com\/francais\/la-societe\/\",\"name\":\"LA SOCIETE - Bougie Antigel\",\"isPartOf\":{\"@id\":\"https:\/\/antifrostcandles.com\/francais\/#website\"},\"datePublished\":\"2022-01-21T13:56:55+00:00\",\"dateModified\":\"2023-06-12T10:02:58+00:00\",\"breadcrumb\":{\"@id\":\"https:\/\/antifrostcandles.com\/francais\/la-societe\/#breadcrumb\"},\"inLanguage\":\"fr-FR\",\"potentialAction\":[{\"@type\":\"ReadAction\",\"target\":[\"https:\/\/antifrostcandles.com\/francais\/la-societe\/\"]}]},{\"@type\":\"BreadcrumbList\",\"@id\":\"https:\/\/antifrostcandles.com\/francais\/la-societe\/#breadcrumb\",\"itemListElement\":[{\"@type\":\"ListItem\",\"position\":1,\"name\":\"Home\",\"item\":\"https:\/\/antifrostcandles.com\/francais\/\"},{\"@type\":\"ListItem\",\"position\":2,\"name\":\"LA SOCIETE\"}]},{\"@type\":\"WebSite\",\"@id\":\"https:\/\/antifrostcandles.com\/francais\/#website\",\"url\":\"https:\/\/antifrostcandles.com\/francais\/\",\"name\":\"Bougie Antigel\",\"description\":\"\",\"potentialAction\":[{\"@type\":\"SearchAction\",\"target\":{\"@type\":\"EntryPoint\",\"urlTemplate\":\"https:\/\/antifrostcandles.com\/francais\/?s={search_term_string}\"},\"query-input\":\"required name=search_term_string\"}],\"inLanguage\":\"fr-FR\"}]}<\/script>\n<!-- \/ Yoast SEO plugin. -->","yoast_head_json":{"title":"LA SOCIETE - Bougie Antigel","robots":{"index":"index","follow":"follow","max-snippet":"max-snippet:-1","max-image-preview":"max-image-preview:large","max-video-preview":"max-video-preview:-1"},"canonical":"https:\/\/antifrostcandles.com\/francais\/la-societe\/","og_locale":"fr_FR","og_type":"article","og_title":"LA SOCIETE - Bougie Antigel","og_description":"[vc_row css_animation=&#8221;&#8221; row_type=&#8221;row&#8221; use_row_as_full_screen_section=&#8221;no&#8221; type=&#8221;full_width&#8221; angled_section=&#8221;no&#8221; text_align=&#8221;left&#8221; background_image_as_pattern=&#8221;without_pattern&#8221;][vc_column][vc_column_text] SIMP, UNE SOCI\u00c9T\u00c9 CERTIFI\u00c9E ISO 9001, EST UN LEADER DANS LA PRODUCTION ET LA DISTRIBUTION DE CIRIERS DEPUIS 1940. &nbsp; Notre connaissance approfondie des mati\u00e8res premi\u00e8res et les exigences sp\u00e9cifiques du secteur agroalimentaire nous ont amen\u00e9s \u00e0...","og_url":"https:\/\/antifrostcandles.com\/francais\/la-societe\/","og_site_name":"Bougie Antigel","article_modified_time":"2023-06-12T10:02:58+00:00","twitter_card":"summary_large_image","twitter_misc":{"Dur\u00e9e de lecture estim\u00e9e":"1 minute"},"schema":{"@context":"https:\/\/schema.org","@graph":[{"@type":"WebPage","@id":"https:\/\/antifrostcandles.com\/francais\/la-societe\/","url":"https:\/\/antifrostcandles.com\/francais\/la-societe\/","name":"LA SOCIETE - Bougie Antigel","isPartOf":{"@id":"https:\/\/antifrostcandles.com\/francais\/#website"},"datePublished":"2022-01-21T13:56:55+00:00","dateModified":"2023-06-12T10:02:58+00:00","breadcrumb":{"@id":"https:\/\/antifrostcandles.com\/francais\/la-societe\/#breadcrumb"},"inLanguage":"fr-FR","potentialAction":[{"@type":"ReadAction","target":["https:\/\/antifrostcandles.com\/francais\/la-societe\/"]}]},{"@type":"BreadcrumbList","@id":"https:\/\/antifrostcandles.com\/francais\/la-societe\/#breadcrumb","itemListElement":[{"@type":"ListItem","position":1,"name":"Home","item":"https:\/\/antifrostcandles.com\/francais\/"},{"@type":"ListItem","position":2,"name":"LA SOCIETE"}]},{"@type":"WebSite","@id":"https:\/\/antifrostcandles.com\/francais\/#website","url":"https:\/\/antifrostcandles.com\/francais\/","name":"Bougie Antigel","description":"","potentialAction":[{"@type":"SearchAction","target":{"@type":"EntryPoint","urlTemplate":"https:\/\/antifrostcandles.com\/francais\/?s={search_term_string}"},"query-input":"required name=search_term_string"}],"inLanguage":"fr-FR"}]}},"_links":{"self":[{"href":"https:\/\/antifrostcandles.com\/francais\/wp-json\/wp\/v2\/pages\/398","targetHints":{"allow":["GET"]}}],"collection":[{"href":"https:\/\/antifrostcandles.com\/francais\/wp-json\/wp\/v2\/pages"}],"about":[{"href":"https:\/\/antifrostcandles.com\/francais\/wp-json\/wp\/v2\/types\/page"}],"author":[{"embeddable":true,"href":"https:\/\/antifrostcandles.com\/francais\/wp-json\/wp\/v2\/users\/1"}],"replies":[{"embeddable":true,"href":"https:\/\/antifrostcandles.com\/francais\/wp-json\/wp\/v2\/comments?post=398"}],"version-history":[{"count":4,"href":"https:\/\/antifrostcandles.com\/francais\/wp-json\/wp\/v2\/pages\/398\/revisions"}],"predecessor-version":[{"id":436,"href":"https:\/\/antifrostcandles.com\/francais\/wp-json\/wp\/v2\/pages\/398\/revisions\/436"}],"wp:attachment":[{"href":"https:\/\/antifrostcandles.com\/francais\/wp-json\/wp\/v2\/media?parent=398"}],"curies":[{"name":"wp","href":"https:\/\/api.w.org\/{rel}","templated":true}]}}