{"id":446,"date":"2023-11-28T10:33:40","date_gmt":"2023-11-28T09:33:40","guid":{"rendered":"https:\/\/antifrostcandles.com\/francais\/?page_id=446"},"modified":"2023-11-28T10:33:40","modified_gmt":"2023-11-28T09:33:40","slug":"blogues","status":"publish","type":"page","link":"https:\/\/antifrostcandles.com\/francais\/blogues\/","title":{"rendered":"Blogues"},"content":{"rendered":"<p>[vc_row css_animation=&#8221;&#8221; row_type=&#8221;row&#8221; use_row_as_full_screen_section=&#8221;no&#8221; type=&#8221;full_width&#8221; angled_section=&#8221;no&#8221; text_align=&#8221;left&#8221; background_image_as_pattern=&#8221;without_pattern&#8221;][vc_column]<div class='q_masonry_blog'><div class=\"q_masonry_blog_grid_sizer\"><\/div><div class=\"q_masonry_blog_grid_gutter\"><\/div><article  class='post-475 post type-post status-publish format-standard has-post-thumbnail hentry category-non-classe '><div class=\"q_masonry_blog_post_image\"><a itemprop=\"url\" href=\"https:\/\/antifrostcandles.com\/francais\/blog\/%f0%9f%8c%bf%f0%9f%8c%a1%ef%b8%8f-gelees-tardives-nous-sommes-prets-a-intervenir\/\" target=\"_self\"><img decoding=\"async\" itemprop=\"image\" src=\"https:\/\/antifrostcandles.com\/francais\/wp-content\/uploads\/sites\/5\/2025\/02\/1727429634568-1.jpg\" \/><\/a><\/div><div class=\"q_masonry_blog_post_text\"><h5 itemprop=\"name\" class=\"q_masonry_blog_title entry_title\"><a itemprop=\"url\" href=\"https:\/\/antifrostcandles.com\/francais\/blog\/%f0%9f%8c%bf%f0%9f%8c%a1%ef%b8%8f-gelees-tardives-nous-sommes-prets-a-intervenir\/\">\ud83c\udf3f\ud83c\udf21\ufe0f Gel\u00e9es tardives ? Nous sommes pr\u00eats \u00e0 intervenir !<\/a><\/h5><p itemprop=\"description\" class=\"q_masonry_blog_excerpt\">Apr\u00e8s notre participation \u00e0 Vinitech Sifel 2024, SIMP pr\u00e9pare d\u00e9j\u00e0 Sitevi 2025 Montpellier ! \ud83d\ude80 SIMP est le seul fabricant de bougies antigel \u00e0 proposer une gamme compl\u00e8te adapt\u00e9e aux besoins de tous nos clients : des produits v\u00e9g\u00e9taux aux solutions min\u00e9rales, en passant par......<\/p><div class=\"q_masonry_blog_post_info\"><span itemprop=\"dateCreated\" class=\"time entry_date updated\">27 f\u00e9vrier, 2025<meta itemprop=\"interactionCount\" content=\"UserComments: <?php echo get_comments_number(qode_get_page_id()); ?>\"\/><\/span><\/div><\/div><\/article><article  class='post-444 post type-post status-publish format-standard has-post-thumbnail hentry category-non-classe '><div class=\"q_masonry_blog_post_image\"><a itemprop=\"url\" href=\"https:\/\/antifrostcandles.com\/francais\/blog\/spveg-la-bougie-antigel-durable-composee-100-de-matieres-vegetales\/\" target=\"_self\"><img decoding=\"async\" itemprop=\"image\" src=\"https:\/\/antifrostcandles.com\/francais\/wp-content\/uploads\/sites\/5\/2023\/06\/spVEG.jpg\" \/><\/a><\/div><div class=\"q_masonry_blog_post_text\"><h5 itemprop=\"name\" class=\"q_masonry_blog_title entry_title\"><a itemprop=\"url\" href=\"https:\/\/antifrostcandles.com\/francais\/blog\/spveg-la-bougie-antigel-durable-composee-100-de-matieres-vegetales\/\">SPVEG, la Bougie Antigel durable compos\u00e9e 100 % de mati\u00e8res v\u00e9g\u00e9tales<\/a><\/h5><p itemprop=\"description\" class=\"q_masonry_blog_excerpt\">Nous sommes ravis de vous pr\u00e9senter notre derni\u00e8re innovation dans le domaine de la protection des cultures contre les gel\u00e9es tardives : SPVEG, la Bougie Antigel durable compos\u00e9e 100 % de mati\u00e8res v\u00e9g\u00e9tales. Disponible en deux options de dur\u00e9e, 8 heures et 10 heures, SPVEG......<\/p><div class=\"q_masonry_blog_post_info\"><span itemprop=\"dateCreated\" class=\"time entry_date updated\">28 novembre, 2023<meta itemprop=\"interactionCount\" content=\"UserComments: <?php echo get_comments_number(qode_get_page_id()); ?>\"\/><\/span><\/div><\/div><\/article><\/div>[\/vc_column][\/vc_row]<\/p>\n","protected":false},"excerpt":{"rendered":"<p>[vc_row css_animation=&#8221;&#8221; row_type=&#8221;row&#8221; use_row_as_full_screen_section=&#8221;no&#8221; type=&#8221;full_width&#8221; angled_section=&#8221;no&#8221; text_align=&#8221;left&#8221; background_image_as_pattern=&#8221;without_pattern&#8221;][vc_column][\/vc_column][\/vc_row]<\/p>\n","protected":false},"author":1,"featured_media":0,"parent":0,"menu_order":0,"comment_status":"closed","ping_status":"closed","template":"","meta":{"footnotes":""},"class_list":["post-446","page","type-page","status-publish","hentry"],"yoast_head":"<!-- This site is optimized with the Yoast SEO plugin v21.5 - https:\/\/yoast.com\/wordpress\/plugins\/seo\/ -->\n<title>Blogues - Bougie Antigel<\/title>\n<meta name=\"robots\" content=\"index, follow, max-snippet:-1, max-image-preview:large, max-video-preview:-1\" \/>\n<link rel=\"canonical\" href=\"https:\/\/antifrostcandles.com\/francais\/blogues\/\" \/>\n<meta property=\"og:locale\" content=\"fr_FR\" \/>\n<meta property=\"og:type\" content=\"article\" \/>\n<meta property=\"og:title\" content=\"Blogues - Bougie Antigel\" \/>\n<meta property=\"og:description\" content=\"[vc_row css_animation=&#8221;&#8221; row_type=&#8221;row&#8221; use_row_as_full_screen_section=&#8221;no&#8221; type=&#8221;full_width&#8221; angled_section=&#8221;no&#8221; text_align=&#8221;left&#8221; background_image_as_pattern=&#8221;without_pattern&#8221;][vc_column][\/vc_column][\/vc_row]\" \/>\n<meta property=\"og:url\" content=\"https:\/\/antifrostcandles.com\/francais\/blogues\/\" \/>\n<meta property=\"og:site_name\" content=\"Bougie Antigel\" \/>\n<meta name=\"twitter:card\" content=\"summary_large_image\" \/>\n<meta name=\"twitter:label1\" content=\"Dur\u00e9e de lecture estim\u00e9e\" \/>\n\t<meta name=\"twitter:data1\" content=\"1 minute\" \/>\n<script type=\"application\/ld+json\" class=\"yoast-schema-graph\">{\"@context\":\"https:\/\/schema.org\",\"@graph\":[{\"@type\":\"WebPage\",\"@id\":\"https:\/\/antifrostcandles.com\/francais\/blogues\/\",\"url\":\"https:\/\/antifrostcandles.com\/francais\/blogues\/\",\"name\":\"Blogues - Bougie Antigel\",\"isPartOf\":{\"@id\":\"https:\/\/antifrostcandles.com\/francais\/#website\"},\"datePublished\":\"2023-11-28T09:33:40+00:00\",\"dateModified\":\"2023-11-28T09:33:40+00:00\",\"breadcrumb\":{\"@id\":\"https:\/\/antifrostcandles.com\/francais\/blogues\/#breadcrumb\"},\"inLanguage\":\"fr-FR\",\"potentialAction\":[{\"@type\":\"ReadAction\",\"target\":[\"https:\/\/antifrostcandles.com\/francais\/blogues\/\"]}]},{\"@type\":\"BreadcrumbList\",\"@id\":\"https:\/\/antifrostcandles.com\/francais\/blogues\/#breadcrumb\",\"itemListElement\":[{\"@type\":\"ListItem\",\"position\":1,\"name\":\"Home\",\"item\":\"https:\/\/antifrostcandles.com\/francais\/\"},{\"@type\":\"ListItem\",\"position\":2,\"name\":\"Blogues\"}]},{\"@type\":\"WebSite\",\"@id\":\"https:\/\/antifrostcandles.com\/francais\/#website\",\"url\":\"https:\/\/antifrostcandles.com\/francais\/\",\"name\":\"Bougie Antigel\",\"description\":\"\",\"potentialAction\":[{\"@type\":\"SearchAction\",\"target\":{\"@type\":\"EntryPoint\",\"urlTemplate\":\"https:\/\/antifrostcandles.com\/francais\/?s={search_term_string}\"},\"query-input\":\"required name=search_term_string\"}],\"inLanguage\":\"fr-FR\"}]}<\/script>\n<!-- \/ Yoast SEO plugin. -->","yoast_head_json":{"title":"Blogues - Bougie Antigel","robots":{"index":"index","follow":"follow","max-snippet":"max-snippet:-1","max-image-preview":"max-image-preview:large","max-video-preview":"max-video-preview:-1"},"canonical":"https:\/\/antifrostcandles.com\/francais\/blogues\/","og_locale":"fr_FR","og_type":"article","og_title":"Blogues - Bougie Antigel","og_description":"[vc_row css_animation=&#8221;&#8221; row_type=&#8221;row&#8221; use_row_as_full_screen_section=&#8221;no&#8221; type=&#8221;full_width&#8221; angled_section=&#8221;no&#8221; text_align=&#8221;left&#8221; background_image_as_pattern=&#8221;without_pattern&#8221;][vc_column][\/vc_column][\/vc_row]","og_url":"https:\/\/antifrostcandles.com\/francais\/blogues\/","og_site_name":"Bougie Antigel","twitter_card":"summary_large_image","twitter_misc":{"Dur\u00e9e de lecture estim\u00e9e":"1 minute"},"schema":{"@context":"https:\/\/schema.org","@graph":[{"@type":"WebPage","@id":"https:\/\/antifrostcandles.com\/francais\/blogues\/","url":"https:\/\/antifrostcandles.com\/francais\/blogues\/","name":"Blogues - Bougie Antigel","isPartOf":{"@id":"https:\/\/antifrostcandles.com\/francais\/#website"},"datePublished":"2023-11-28T09:33:40+00:00","dateModified":"2023-11-28T09:33:40+00:00","breadcrumb":{"@id":"https:\/\/antifrostcandles.com\/francais\/blogues\/#breadcrumb"},"inLanguage":"fr-FR","potentialAction":[{"@type":"ReadAction","target":["https:\/\/antifrostcandles.com\/francais\/blogues\/"]}]},{"@type":"BreadcrumbList","@id":"https:\/\/antifrostcandles.com\/francais\/blogues\/#breadcrumb","itemListElement":[{"@type":"ListItem","position":1,"name":"Home","item":"https:\/\/antifrostcandles.com\/francais\/"},{"@type":"ListItem","position":2,"name":"Blogues"}]},{"@type":"WebSite","@id":"https:\/\/antifrostcandles.com\/francais\/#website","url":"https:\/\/antifrostcandles.com\/francais\/","name":"Bougie Antigel","description":"","potentialAction":[{"@type":"SearchAction","target":{"@type":"EntryPoint","urlTemplate":"https:\/\/antifrostcandles.com\/francais\/?s={search_term_string}"},"query-input":"required name=search_term_string"}],"inLanguage":"fr-FR"}]}},"_links":{"self":[{"href":"https:\/\/antifrostcandles.com\/francais\/wp-json\/wp\/v2\/pages\/446","targetHints":{"allow":["GET"]}}],"collection":[{"href":"https:\/\/antifrostcandles.com\/francais\/wp-json\/wp\/v2\/pages"}],"about":[{"href":"https:\/\/antifrostcandles.com\/francais\/wp-json\/wp\/v2\/types\/page"}],"author":[{"embeddable":true,"href":"https:\/\/antifrostcandles.com\/francais\/wp-json\/wp\/v2\/users\/1"}],"replies":[{"embeddable":true,"href":"https:\/\/antifrostcandles.com\/francais\/wp-json\/wp\/v2\/comments?post=446"}],"version-history":[{"count":1,"href":"https:\/\/antifrostcandles.com\/francais\/wp-json\/wp\/v2\/pages\/446\/revisions"}],"predecessor-version":[{"id":447,"href":"https:\/\/antifrostcandles.com\/francais\/wp-json\/wp\/v2\/pages\/446\/revisions\/447"}],"wp:attachment":[{"href":"https:\/\/antifrostcandles.com\/francais\/wp-json\/wp\/v2\/media?parent=446"}],"curies":[{"name":"wp","href":"https:\/\/api.w.org\/{rel}","templated":true}]}}