{"id":4,"date":"2016-06-24T11:09:55","date_gmt":"2016-06-24T11:09:55","guid":{"rendered":"http:\/\/bridge57.qodeinteractive.com\/?page_id=4"},"modified":"2023-11-28T11:55:16","modified_gmt":"2023-11-28T10:55:16","slug":"moto-shop","status":"publish","type":"page","link":"https:\/\/antifrostcandles.com\/german\/","title":{"rendered":"Homepage"},"content":{"rendered":"<p>[vc_row css_animation=&#8221;&#8221; row_type=&#8221;row&#8221; use_row_as_full_screen_section=&#8221;no&#8221; type=&#8221;full_width&#8221; angled_section=&#8221;no&#8221; text_align=&#8221;left&#8221; background_image_as_pattern=&#8221;without_pattern&#8221;][vc_column][vc_column_text]<span style=\"vertical-align: inherit;\">[\/vc_column_text][\/vc_column][\/vc_row][vc_row css_animation=&#8221;&#8221; row_type=&#8221;row&#8221; use_row_as_full_screen_section=&#8221;no&#8221; type=&#8221;grid&#8221; anchor=&#8221;prodotti&#8221; angled_section=&#8221;no&#8221; text_align=&#8221;center&#8221; background_image_as_pattern=&#8221;without_pattern&#8221; css=&#8221;.vc_custom_1549948001157{margin-bottom: 0px !important;padding-top: 4% !important;padding-bottom: 4% !important;}&#8221; z_index=&#8221;&#8221;][vc_column offset=&#8221;vc_col-lg-offset-2 vc_col-lg-8 vc_col-md-offset-1 vc_col-md-10&#8243; css=&#8221;.vc_custom_1467624556435{padding-right: 8% !important;padding-left: 8% !important;}&#8221;][vc_column_text]\u00a0<\/span><\/p>\n<h1>FROSTSCHUTZKERZEN<\/h1>\n<p>[\/vc_column_text][vc_empty_space height=&#8221;10px&#8221;][vc_column_text]Die aktive Bodenheizungsmethode wurde seit Jahrzehnten in Regionen mit sp\u00e4ten Fr\u00f6sten erfolgreich eingesetzt und stellt eine kosteng\u00fcnstige und umweltfreundliche Alternative zu anderen teureren und umweltsch\u00e4dlichen Systemen dar.<\/p>\n<p>Wir produzieren drei Arten von Frostschutzkerzen, um deine Ernte zu sch\u00fctzen:[\/vc_column_text][vc_empty_space height=&#8221;20px&#8221;]<a  itemprop=\"url\" href=\"https:\/\/antifrostcandles.com\/german\/kontakte\/\" target=\"_self\" data-hover-background-color=#ffffff data-hover-border-color=#303030 data-hover-color=#303030 class=\"qbutton  default\" style=\"color: #ffffff; border-color: #303030; background-color: #303030;\">FORDERN SIE EIN ANGEBOT AN!<\/a>[\/vc_column][\/vc_row][vc_row css_animation=&#8221;&#8221; row_type=&#8221;row&#8221; use_row_as_full_screen_section=&#8221;no&#8221; type=&#8221;full_width&#8221; angled_section=&#8221;no&#8221; text_align=&#8221;left&#8221; background_image_as_pattern=&#8221;without_pattern&#8221;][vc_column][vc_empty_space height=&#8221;10px&#8221;][\/vc_column][\/vc_row][vc_row css_animation=&#8221;&#8221; row_type=&#8221;row&#8221; use_row_as_full_screen_section=&#8221;yes&#8221; type=&#8221;full_width&#8221; angled_section=&#8221;no&#8221; text_align=&#8221;left&#8221; background_image_as_pattern=&#8221;without_pattern&#8221; z_index=&#8221;&#8221; css=&#8221;.vc_custom_1626182342770{margin-bottom: 0px !important;padding-top: 0px !important;padding-bottom: 0px !important;background-color: #303030 !important;}&#8221;][vc_column width=&#8221;1\/3&#8243; css=&#8221;.vc_custom_1626172093091{margin-right: 0px !important;margin-bottom: 0px !important;margin-left: 0px !important;padding-right: 0px !important;padding-bottom: 0px !important;padding-left: 0px !important;}&#8221;]<div class='image_hover ' style='' data-transition-delay=''><div class='images_holder'><img itemprop='image' class='' src='https:\/\/antifrostcandles.com\/german\/wp-content\/uploads\/sites\/4\/2023\/06\/S8fffffff.png' alt='' style='' \/><img itemprop='image' class='hover_image' src='' alt='' style='' \/><\/div><\/div>[\/vc_column][vc_column width=&#8221;1\/3&#8243; css=&#8221;.vc_custom_1626171962934{margin-right: 0px !important;margin-bottom: 0px !important;margin-left: 0px !important;padding-top: 0px !important;padding-right: 0px !important;padding-bottom: 0px !important;padding-left: 0px !important;}&#8221;]<div class='image_hover hovered' style='' data-transition-delay='fade'><div class='images_holder'><img itemprop='image' class='' src='https:\/\/antifrostcandles.com\/german\/wp-content\/uploads\/sites\/4\/2023\/06\/sdsdd.png' alt='' style='' \/><img itemprop='image' class='hover_image' src='' alt='' style='' \/><\/div><\/div>[\/vc_column][vc_column width=&#8221;1\/3&#8243; css=&#8221;.vc_custom_1626172006229{margin-right: 0px !important;margin-bottom: 0px !important;margin-left: 0px !important;padding-right: 0px !important;padding-bottom: 0px !important;padding-left: 0px !important;}&#8221;]<div class='image_hover ' style='' data-transition-delay=''><div class='images_holder'><img itemprop='image' class='' src='https:\/\/antifrostcandles.com\/german\/wp-content\/uploads\/sites\/4\/2023\/06\/ghgh.png' alt='' style='' \/><img itemprop='image' class='hover_image' src='' alt='' style='' \/><\/div><\/div>[\/vc_column][\/vc_row][vc_column offset=&#8221;vc_col-lg-offset-2 vc_col-lg-8 vc_col-md-offset-1 vc_col-md-10&#8243; css=&#8221;.vc_custom_1516814118645{padding-top: 90px !important;padding-right: 8% !important;padding-left: 8% !important;}&#8221;][\/vc_column][vc_column][\/vc_column]<\/p>\n","protected":false},"excerpt":{"rendered":"<p>[vc_row css_animation=&#8221;&#8221; row_type=&#8221;row&#8221; use_row_as_full_screen_section=&#8221;no&#8221; type=&#8221;full_width&#8221; angled_section=&#8221;no&#8221; text_align=&#8221;left&#8221; background_image_as_pattern=&#8221;without_pattern&#8221;][vc_column][vc_column_text][\/vc_column_text][\/vc_column][\/vc_row][vc_row css_animation=&#8221;&#8221; row_type=&#8221;row&#8221; use_row_as_full_screen_section=&#8221;no&#8221; type=&#8221;grid&#8221; anchor=&#8221;prodotti&#8221; angled_section=&#8221;no&#8221; text_align=&#8221;center&#8221; background_image_as_pattern=&#8221;without_pattern&#8221; css=&#8221;.vc_custom_1549948001157{margin-bottom: 0px !important;padding-top: 4% !important;padding-bottom: 4% !important;}&#8221; z_index=&#8221;&#8221;][vc_column offset=&#8221;vc_col-lg-offset-2 vc_col-lg-8 vc_col-md-offset-1 vc_col-md-10&#8243; css=&#8221;.vc_custom_1467624556435{padding-right: 8% !important;padding-left: 8% !important;}&#8221;][vc_column_text]\u00a0 FROSTSCHUTZKERZEN [\/vc_column_text][vc_empty_space height=&#8221;10px&#8221;][vc_column_text]Die aktive Bodenheizungsmethode wurde seit Jahrzehnten in Regionen mit sp\u00e4ten&#8230;<\/p>\n","protected":false},"author":1,"featured_media":0,"parent":0,"menu_order":0,"comment_status":"closed","ping_status":"closed","template":"full_width.php","meta":{"footnotes":""},"class_list":["post-4","page","type-page","status-publish","hentry"],"yoast_head":"<!-- This site is optimized with the Yoast SEO plugin v21.5 - https:\/\/yoast.com\/wordpress\/plugins\/seo\/ -->\n<title>Homepage - Anti-Frost Kerze<\/title>\n<meta name=\"robots\" content=\"index, follow, max-snippet:-1, max-image-preview:large, max-video-preview:-1\" \/>\n<link rel=\"canonical\" href=\"https:\/\/antifrostcandles.com\/german\/\" \/>\n<meta property=\"og:locale\" content=\"de_DE\" \/>\n<meta property=\"og:type\" content=\"article\" \/>\n<meta property=\"og:title\" content=\"Homepage - Anti-Frost Kerze\" \/>\n<meta property=\"og:description\" content=\"[vc_row css_animation=&#8221;&#8221; row_type=&#8221;row&#8221; use_row_as_full_screen_section=&#8221;no&#8221; type=&#8221;full_width&#8221; angled_section=&#8221;no&#8221; text_align=&#8221;left&#8221; background_image_as_pattern=&#8221;without_pattern&#8221;][vc_column][vc_column_text][\/vc_column_text][\/vc_column][\/vc_row][vc_row css_animation=&#8221;&#8221; row_type=&#8221;row&#8221; use_row_as_full_screen_section=&#8221;no&#8221; type=&#8221;grid&#8221; anchor=&#8221;prodotti&#8221; angled_section=&#8221;no&#8221; text_align=&#8221;center&#8221; background_image_as_pattern=&#8221;without_pattern&#8221; css=&#8221;.vc_custom_1549948001157{margin-bottom: 0px !important;padding-top: 4% !important;padding-bottom: 4% !important;}&#8221; z_index=&#8221;&#8221;][vc_column offset=&#8221;vc_col-lg-offset-2 vc_col-lg-8 vc_col-md-offset-1 vc_col-md-10&#8243; css=&#8221;.vc_custom_1467624556435{padding-right: 8% !important;padding-left: 8% !important;}&#8221;][vc_column_text]\u00a0 FROSTSCHUTZKERZEN [\/vc_column_text][vc_empty_space height=&#8221;10px&#8221;][vc_column_text]Die aktive Bodenheizungsmethode wurde seit Jahrzehnten in Regionen mit sp\u00e4ten...\" \/>\n<meta property=\"og:url\" content=\"https:\/\/antifrostcandles.com\/german\/\" \/>\n<meta property=\"og:site_name\" content=\"Anti-Frost Kerze\" \/>\n<meta property=\"article:modified_time\" content=\"2023-11-28T10:55:16+00:00\" \/>\n<meta name=\"twitter:card\" content=\"summary_large_image\" \/>\n<meta name=\"twitter:label1\" content=\"Gesch\u00e4tzte Lesezeit\" \/>\n\t<meta name=\"twitter:data1\" content=\"1\u00a0Minute\" \/>\n<script type=\"application\/ld+json\" class=\"yoast-schema-graph\">{\"@context\":\"https:\/\/schema.org\",\"@graph\":[{\"@type\":\"WebPage\",\"@id\":\"https:\/\/antifrostcandles.com\/german\/\",\"url\":\"https:\/\/antifrostcandles.com\/german\/\",\"name\":\"Homepage - Anti-Frost Kerze\",\"isPartOf\":{\"@id\":\"https:\/\/antifrostcandles.com\/german\/#website\"},\"datePublished\":\"2016-06-24T11:09:55+00:00\",\"dateModified\":\"2023-11-28T10:55:16+00:00\",\"breadcrumb\":{\"@id\":\"https:\/\/antifrostcandles.com\/german\/#breadcrumb\"},\"inLanguage\":\"de\",\"potentialAction\":[{\"@type\":\"ReadAction\",\"target\":[\"https:\/\/antifrostcandles.com\/german\/\"]}]},{\"@type\":\"BreadcrumbList\",\"@id\":\"https:\/\/antifrostcandles.com\/german\/#breadcrumb\",\"itemListElement\":[{\"@type\":\"ListItem\",\"position\":1,\"name\":\"Home\",\"item\":\"https:\/\/antifrostcandles.com\/german\/\"},{\"@type\":\"ListItem\",\"position\":2,\"name\":\"Homepage\"}]},{\"@type\":\"WebSite\",\"@id\":\"https:\/\/antifrostcandles.com\/german\/#website\",\"url\":\"https:\/\/antifrostcandles.com\/german\/\",\"name\":\"Anti-Frost Kerze\",\"description\":\"\",\"potentialAction\":[{\"@type\":\"SearchAction\",\"target\":{\"@type\":\"EntryPoint\",\"urlTemplate\":\"https:\/\/antifrostcandles.com\/german\/?s={search_term_string}\"},\"query-input\":\"required name=search_term_string\"}],\"inLanguage\":\"de\"}]}<\/script>\n<!-- \/ Yoast SEO plugin. -->","yoast_head_json":{"title":"Homepage - Anti-Frost Kerze","robots":{"index":"index","follow":"follow","max-snippet":"max-snippet:-1","max-image-preview":"max-image-preview:large","max-video-preview":"max-video-preview:-1"},"canonical":"https:\/\/antifrostcandles.com\/german\/","og_locale":"de_DE","og_type":"article","og_title":"Homepage - Anti-Frost Kerze","og_description":"[vc_row css_animation=&#8221;&#8221; row_type=&#8221;row&#8221; use_row_as_full_screen_section=&#8221;no&#8221; type=&#8221;full_width&#8221; angled_section=&#8221;no&#8221; text_align=&#8221;left&#8221; background_image_as_pattern=&#8221;without_pattern&#8221;][vc_column][vc_column_text][\/vc_column_text][\/vc_column][\/vc_row][vc_row css_animation=&#8221;&#8221; row_type=&#8221;row&#8221; use_row_as_full_screen_section=&#8221;no&#8221; type=&#8221;grid&#8221; anchor=&#8221;prodotti&#8221; angled_section=&#8221;no&#8221; text_align=&#8221;center&#8221; background_image_as_pattern=&#8221;without_pattern&#8221; css=&#8221;.vc_custom_1549948001157{margin-bottom: 0px !important;padding-top: 4% !important;padding-bottom: 4% !important;}&#8221; z_index=&#8221;&#8221;][vc_column offset=&#8221;vc_col-lg-offset-2 vc_col-lg-8 vc_col-md-offset-1 vc_col-md-10&#8243; css=&#8221;.vc_custom_1467624556435{padding-right: 8% !important;padding-left: 8% !important;}&#8221;][vc_column_text]\u00a0 FROSTSCHUTZKERZEN [\/vc_column_text][vc_empty_space height=&#8221;10px&#8221;][vc_column_text]Die aktive Bodenheizungsmethode wurde seit Jahrzehnten in Regionen mit sp\u00e4ten...","og_url":"https:\/\/antifrostcandles.com\/german\/","og_site_name":"Anti-Frost Kerze","article_modified_time":"2023-11-28T10:55:16+00:00","twitter_card":"summary_large_image","twitter_misc":{"Gesch\u00e4tzte Lesezeit":"1\u00a0Minute"},"schema":{"@context":"https:\/\/schema.org","@graph":[{"@type":"WebPage","@id":"https:\/\/antifrostcandles.com\/german\/","url":"https:\/\/antifrostcandles.com\/german\/","name":"Homepage - Anti-Frost Kerze","isPartOf":{"@id":"https:\/\/antifrostcandles.com\/german\/#website"},"datePublished":"2016-06-24T11:09:55+00:00","dateModified":"2023-11-28T10:55:16+00:00","breadcrumb":{"@id":"https:\/\/antifrostcandles.com\/german\/#breadcrumb"},"inLanguage":"de","potentialAction":[{"@type":"ReadAction","target":["https:\/\/antifrostcandles.com\/german\/"]}]},{"@type":"BreadcrumbList","@id":"https:\/\/antifrostcandles.com\/german\/#breadcrumb","itemListElement":[{"@type":"ListItem","position":1,"name":"Home","item":"https:\/\/antifrostcandles.com\/german\/"},{"@type":"ListItem","position":2,"name":"Homepage"}]},{"@type":"WebSite","@id":"https:\/\/antifrostcandles.com\/german\/#website","url":"https:\/\/antifrostcandles.com\/german\/","name":"Anti-Frost Kerze","description":"","potentialAction":[{"@type":"SearchAction","target":{"@type":"EntryPoint","urlTemplate":"https:\/\/antifrostcandles.com\/german\/?s={search_term_string}"},"query-input":"required name=search_term_string"}],"inLanguage":"de"}]}},"_links":{"self":[{"href":"https:\/\/antifrostcandles.com\/german\/wp-json\/wp\/v2\/pages\/4","targetHints":{"allow":["GET"]}}],"collection":[{"href":"https:\/\/antifrostcandles.com\/german\/wp-json\/wp\/v2\/pages"}],"about":[{"href":"https:\/\/antifrostcandles.com\/german\/wp-json\/wp\/v2\/types\/page"}],"author":[{"embeddable":true,"href":"https:\/\/antifrostcandles.com\/german\/wp-json\/wp\/v2\/users\/1"}],"replies":[{"embeddable":true,"href":"https:\/\/antifrostcandles.com\/german\/wp-json\/wp\/v2\/comments?post=4"}],"version-history":[{"count":48,"href":"https:\/\/antifrostcandles.com\/german\/wp-json\/wp\/v2\/pages\/4\/revisions"}],"predecessor-version":[{"id":451,"href":"https:\/\/antifrostcandles.com\/german\/wp-json\/wp\/v2\/pages\/4\/revisions\/451"}],"wp:attachment":[{"href":"https:\/\/antifrostcandles.com\/german\/wp-json\/wp\/v2\/media?parent=4"}],"curies":[{"name":"wp","href":"https:\/\/api.w.org\/{rel}","templated":true}]}}