{"id":400,"date":"2022-01-21T14:53:17","date_gmt":"2022-01-21T13:53:17","guid":{"rendered":"http:\/\/antifrostcandles.com\/german\/?page_id=400"},"modified":"2023-06-12T11:42:25","modified_gmt":"2023-06-12T09:42:25","slug":"wir-ueber-uns","status":"publish","type":"page","link":"https:\/\/antifrostcandles.com\/german\/wir-ueber-uns\/","title":{"rendered":"WIR \u00dcBER UNS"},"content":{"rendered":"<p>[vc_row css_animation=&#8221;&#8221; row_type=&#8221;row&#8221; use_row_as_full_screen_section=&#8221;no&#8221; type=&#8221;full_width&#8221; angled_section=&#8221;no&#8221; text_align=&#8221;left&#8221; background_image_as_pattern=&#8221;without_pattern&#8221;][vc_column][vc_column_text]<\/p>\n<h3 style=\"line-height: 2.5em;\"><strong>SIMP, EIN ISO 9001 ZERTIFIZIERTES UNTERNEHMEN, IST SEIT 1940 F\u00dcHREND IN DER PRODUKTION UND VERTEILUNG VON WACHSEN.<\/strong><\/h3>\n<p>&nbsp;<\/p>\n<p>Unser umfassendes Wissen \u00fcber Rohstoffe und die spezifischen Anforderungen der Lebensmittelindustrie hat uns dazu gebracht, in Italien aktive Bodenheizungssysteme zum Frostschutz zu entwickeln und herzustellen.<\/p>\n<p>Diese Systeme haben sich seit Jahrzehnten in Regionen mit sp\u00e4ten Fr\u00f6sten bew\u00e4hrt. Das kontinuierliche Feedback unserer Kunden hat es uns erm\u00f6glicht, unsere Frostschutzkerzen weiter zu verbessern und innovative L\u00f6sungen anzubieten, um den neuen Anforderungen des Marktes gerecht zu werden, wie z.B. die Reduzierung von Umweltverschmutzung und der Einsatz nat\u00fcrlicher Rohstoffe.<\/p>\n<p>Unser Expertenteam steht dir f\u00fcr technische und kommerzielle Fragen zur Verf\u00fcgung und hilft dir dabei, unsere Produkte bestm\u00f6glich einzusetzen.[\/vc_column_text][vc_empty_space][\/vc_column][\/vc_row][vc_row css_animation=&#8221;&#8221; row_type=&#8221;row&#8221; use_row_as_full_screen_section=&#8221;no&#8221; type=&#8221;full_width&#8221; angled_section=&#8221;no&#8221; text_align=&#8221;left&#8221; background_image_as_pattern=&#8221;without_pattern&#8221;][vc_column width=&#8221;1\/3&#8243;]<div class='image_hover ' style='' data-transition-delay=''><div class='images_holder'><img itemprop='image' class='' src='https:\/\/antifrostcandles.com\/german\/wp-content\/uploads\/sites\/4\/2018\/01\/ciliegi.jpg' alt='' style='' \/><img itemprop='image' class='hover_image' src='' alt='' style='' \/><\/div><\/div>[\/vc_column][vc_column width=&#8221;1\/3&#8243;]<div class='image_hover ' style='' data-transition-delay=''><div class='images_holder'><img itemprop='image' class='' src='https:\/\/antifrostcandles.com\/german\/wp-content\/uploads\/sites\/4\/2022\/01\/notte.jpg' alt='' style='' \/><img itemprop='image' class='hover_image' src='' alt='' style='' \/><\/div><\/div>[\/vc_column][vc_column width=&#8221;1\/3&#8243;]<div class='image_hover ' style='' data-transition-delay=''><div class='images_holder'><img itemprop='image' class='' src='https:\/\/antifrostcandles.com\/german\/wp-content\/uploads\/sites\/4\/2018\/01\/vigne.jpg' alt='' style='' \/><img itemprop='image' class='hover_image' src='' alt='' style='' \/><\/div><\/div>[\/vc_column][\/vc_row]<\/p>\n","protected":false},"excerpt":{"rendered":"<p>[vc_row css_animation=&#8221;&#8221; row_type=&#8221;row&#8221; use_row_as_full_screen_section=&#8221;no&#8221; type=&#8221;full_width&#8221; angled_section=&#8221;no&#8221; text_align=&#8221;left&#8221; background_image_as_pattern=&#8221;without_pattern&#8221;][vc_column][vc_column_text] SIMP, EIN ISO 9001 ZERTIFIZIERTES UNTERNEHMEN, IST SEIT 1940 F\u00dcHREND IN DER PRODUKTION UND VERTEILUNG VON WACHSEN. &nbsp; Unser umfassendes Wissen \u00fcber Rohstoffe und die spezifischen Anforderungen der Lebensmittelindustrie hat uns dazu gebracht, in Italien aktive Bodenheizungssysteme&#8230;<\/p>\n","protected":false},"author":1,"featured_media":0,"parent":0,"menu_order":0,"comment_status":"closed","ping_status":"closed","template":"","meta":{"footnotes":""},"class_list":["post-400","page","type-page","status-publish","hentry"],"yoast_head":"<!-- This site is optimized with the Yoast SEO plugin v21.5 - https:\/\/yoast.com\/wordpress\/plugins\/seo\/ -->\n<title>WIR \u00dcBER UNS - Anti-Frost Kerze<\/title>\n<meta name=\"robots\" content=\"index, follow, max-snippet:-1, max-image-preview:large, max-video-preview:-1\" \/>\n<link rel=\"canonical\" href=\"https:\/\/antifrostcandles.com\/german\/wir-ueber-uns\/\" \/>\n<meta property=\"og:locale\" content=\"de_DE\" \/>\n<meta property=\"og:type\" content=\"article\" \/>\n<meta property=\"og:title\" content=\"WIR \u00dcBER UNS - Anti-Frost Kerze\" \/>\n<meta property=\"og:description\" content=\"[vc_row css_animation=&#8221;&#8221; row_type=&#8221;row&#8221; use_row_as_full_screen_section=&#8221;no&#8221; type=&#8221;full_width&#8221; angled_section=&#8221;no&#8221; text_align=&#8221;left&#8221; background_image_as_pattern=&#8221;without_pattern&#8221;][vc_column][vc_column_text] SIMP, EIN ISO 9001 ZERTIFIZIERTES UNTERNEHMEN, IST SEIT 1940 F\u00dcHREND IN DER PRODUKTION UND VERTEILUNG VON WACHSEN. &nbsp; Unser umfassendes Wissen \u00fcber Rohstoffe und die spezifischen Anforderungen der Lebensmittelindustrie hat uns dazu gebracht, in Italien aktive Bodenheizungssysteme...\" \/>\n<meta property=\"og:url\" content=\"https:\/\/antifrostcandles.com\/german\/wir-ueber-uns\/\" \/>\n<meta property=\"og:site_name\" content=\"Anti-Frost Kerze\" \/>\n<meta property=\"article:modified_time\" content=\"2023-06-12T09:42:25+00:00\" \/>\n<meta name=\"twitter:card\" content=\"summary_large_image\" \/>\n<meta name=\"twitter:label1\" content=\"Gesch\u00e4tzte Lesezeit\" \/>\n\t<meta name=\"twitter:data1\" content=\"1\u00a0Minute\" \/>\n<script type=\"application\/ld+json\" class=\"yoast-schema-graph\">{\"@context\":\"https:\/\/schema.org\",\"@graph\":[{\"@type\":\"WebPage\",\"@id\":\"https:\/\/antifrostcandles.com\/german\/wir-ueber-uns\/\",\"url\":\"https:\/\/antifrostcandles.com\/german\/wir-ueber-uns\/\",\"name\":\"WIR \u00dcBER UNS - Anti-Frost Kerze\",\"isPartOf\":{\"@id\":\"https:\/\/antifrostcandles.com\/german\/#website\"},\"datePublished\":\"2022-01-21T13:53:17+00:00\",\"dateModified\":\"2023-06-12T09:42:25+00:00\",\"breadcrumb\":{\"@id\":\"https:\/\/antifrostcandles.com\/german\/wir-ueber-uns\/#breadcrumb\"},\"inLanguage\":\"de\",\"potentialAction\":[{\"@type\":\"ReadAction\",\"target\":[\"https:\/\/antifrostcandles.com\/german\/wir-ueber-uns\/\"]}]},{\"@type\":\"BreadcrumbList\",\"@id\":\"https:\/\/antifrostcandles.com\/german\/wir-ueber-uns\/#breadcrumb\",\"itemListElement\":[{\"@type\":\"ListItem\",\"position\":1,\"name\":\"Home\",\"item\":\"https:\/\/antifrostcandles.com\/german\/\"},{\"@type\":\"ListItem\",\"position\":2,\"name\":\"WIR \u00dcBER UNS\"}]},{\"@type\":\"WebSite\",\"@id\":\"https:\/\/antifrostcandles.com\/german\/#website\",\"url\":\"https:\/\/antifrostcandles.com\/german\/\",\"name\":\"Anti-Frost Kerze\",\"description\":\"\",\"potentialAction\":[{\"@type\":\"SearchAction\",\"target\":{\"@type\":\"EntryPoint\",\"urlTemplate\":\"https:\/\/antifrostcandles.com\/german\/?s={search_term_string}\"},\"query-input\":\"required name=search_term_string\"}],\"inLanguage\":\"de\"}]}<\/script>\n<!-- \/ Yoast SEO plugin. -->","yoast_head_json":{"title":"WIR \u00dcBER UNS - Anti-Frost Kerze","robots":{"index":"index","follow":"follow","max-snippet":"max-snippet:-1","max-image-preview":"max-image-preview:large","max-video-preview":"max-video-preview:-1"},"canonical":"https:\/\/antifrostcandles.com\/german\/wir-ueber-uns\/","og_locale":"de_DE","og_type":"article","og_title":"WIR \u00dcBER UNS - Anti-Frost Kerze","og_description":"[vc_row css_animation=&#8221;&#8221; row_type=&#8221;row&#8221; use_row_as_full_screen_section=&#8221;no&#8221; type=&#8221;full_width&#8221; angled_section=&#8221;no&#8221; text_align=&#8221;left&#8221; background_image_as_pattern=&#8221;without_pattern&#8221;][vc_column][vc_column_text] SIMP, EIN ISO 9001 ZERTIFIZIERTES UNTERNEHMEN, IST SEIT 1940 F\u00dcHREND IN DER PRODUKTION UND VERTEILUNG VON WACHSEN. &nbsp; Unser umfassendes Wissen \u00fcber Rohstoffe und die spezifischen Anforderungen der Lebensmittelindustrie hat uns dazu gebracht, in Italien aktive Bodenheizungssysteme...","og_url":"https:\/\/antifrostcandles.com\/german\/wir-ueber-uns\/","og_site_name":"Anti-Frost Kerze","article_modified_time":"2023-06-12T09:42:25+00:00","twitter_card":"summary_large_image","twitter_misc":{"Gesch\u00e4tzte Lesezeit":"1\u00a0Minute"},"schema":{"@context":"https:\/\/schema.org","@graph":[{"@type":"WebPage","@id":"https:\/\/antifrostcandles.com\/german\/wir-ueber-uns\/","url":"https:\/\/antifrostcandles.com\/german\/wir-ueber-uns\/","name":"WIR \u00dcBER UNS - Anti-Frost Kerze","isPartOf":{"@id":"https:\/\/antifrostcandles.com\/german\/#website"},"datePublished":"2022-01-21T13:53:17+00:00","dateModified":"2023-06-12T09:42:25+00:00","breadcrumb":{"@id":"https:\/\/antifrostcandles.com\/german\/wir-ueber-uns\/#breadcrumb"},"inLanguage":"de","potentialAction":[{"@type":"ReadAction","target":["https:\/\/antifrostcandles.com\/german\/wir-ueber-uns\/"]}]},{"@type":"BreadcrumbList","@id":"https:\/\/antifrostcandles.com\/german\/wir-ueber-uns\/#breadcrumb","itemListElement":[{"@type":"ListItem","position":1,"name":"Home","item":"https:\/\/antifrostcandles.com\/german\/"},{"@type":"ListItem","position":2,"name":"WIR \u00dcBER UNS"}]},{"@type":"WebSite","@id":"https:\/\/antifrostcandles.com\/german\/#website","url":"https:\/\/antifrostcandles.com\/german\/","name":"Anti-Frost Kerze","description":"","potentialAction":[{"@type":"SearchAction","target":{"@type":"EntryPoint","urlTemplate":"https:\/\/antifrostcandles.com\/german\/?s={search_term_string}"},"query-input":"required name=search_term_string"}],"inLanguage":"de"}]}},"_links":{"self":[{"href":"https:\/\/antifrostcandles.com\/german\/wp-json\/wp\/v2\/pages\/400","targetHints":{"allow":["GET"]}}],"collection":[{"href":"https:\/\/antifrostcandles.com\/german\/wp-json\/wp\/v2\/pages"}],"about":[{"href":"https:\/\/antifrostcandles.com\/german\/wp-json\/wp\/v2\/types\/page"}],"author":[{"embeddable":true,"href":"https:\/\/antifrostcandles.com\/german\/wp-json\/wp\/v2\/users\/1"}],"replies":[{"embeddable":true,"href":"https:\/\/antifrostcandles.com\/german\/wp-json\/wp\/v2\/comments?post=400"}],"version-history":[{"count":3,"href":"https:\/\/antifrostcandles.com\/german\/wp-json\/wp\/v2\/pages\/400\/revisions"}],"predecessor-version":[{"id":438,"href":"https:\/\/antifrostcandles.com\/german\/wp-json\/wp\/v2\/pages\/400\/revisions\/438"}],"wp:attachment":[{"href":"https:\/\/antifrostcandles.com\/german\/wp-json\/wp\/v2\/media?parent=400"}],"curies":[{"name":"wp","href":"https:\/\/api.w.org\/{rel}","templated":true}]}}