{"id":404,"date":"2022-01-21T15:10:10","date_gmt":"2022-01-21T14:10:10","guid":{"rendered":"http:\/\/antifrostcandles.com\/german\/?page_id=404"},"modified":"2023-11-28T11:58:06","modified_gmt":"2023-11-28T10:58:06","slug":"produkte","status":"publish","type":"page","link":"https:\/\/antifrostcandles.com\/german\/produkte\/","title":{"rendered":"PRODUKTE"},"content":{"rendered":"<p>[vc_row css_animation=&#8221;&#8221; row_type=&#8221;row&#8221; use_row_as_full_screen_section=&#8221;no&#8221; type=&#8221;full_width&#8221; angled_section=&#8221;no&#8221; text_align=&#8221;center&#8221; background_image_as_pattern=&#8221;without_pattern&#8221; z_index=&#8221;&#8221;][vc_column width=&#8221;1\/4&#8243;][\/vc_column][vc_column width=&#8221;1\/2&#8243;][vc_column_text]<\/p>\n<h1 style=\"text-align: center;\">FROSTSCHUTZKERZEN<\/h1>\n<p>&nbsp;<\/p>\n<p style=\"text-align: center;\">Die aktive Bodenheizungsmethode wurde seit Jahrzehnten in Regionen mit sp\u00e4ten Fr\u00f6sten erfolgreich eingesetzt und stellt eine kosteng\u00fcnstige und umweltfreundliche Alternative zu anderen teureren und umweltsch\u00e4dlichen Systemen dar.<\/p>\n<p style=\"text-align: center;\">Wir produzieren drei Arten von Frostschutzkerzen, um deine Ernte zu sch\u00fctzen:<\/p>\n<p>[\/vc_column_text][vc_empty_space height=&#8221;20px&#8221;]<a  itemprop=\"url\" href=\"https:\/\/antifrostcandles.com\/german\/kontakte\/\" target=\"_self\" data-hover-background-color=#ffffff data-hover-border-color=#303030 data-hover-color=#303030 class=\"qbutton  default\" style=\"color: #ffffff; border-color: #303030; background-color: #303030;\">FORDERN SIE EIN ANGEBOT AN!<\/a>[\/vc_column][vc_column width=&#8221;1\/4&#8243;][\/vc_column][\/vc_row][vc_row css_animation=&#8221;&#8221; row_type=&#8221;row&#8221; use_row_as_full_screen_section=&#8221;no&#8221; type=&#8221;full_width&#8221; angled_section=&#8221;no&#8221; text_align=&#8221;left&#8221; background_image_as_pattern=&#8221;without_pattern&#8221;][vc_column][vc_empty_space height=&#8221;50px&#8221;][\/vc_column][\/vc_row][vc_row css_animation=&#8221;&#8221; row_type=&#8221;row&#8221; use_row_as_full_screen_section=&#8221;no&#8221; type=&#8221;full_width&#8221; angled_section=&#8221;no&#8221; text_align=&#8221;center&#8221; background_image_as_pattern=&#8221;without_pattern&#8221; z_index=&#8221;&#8221;][vc_column width=&#8221;1\/3&#8243;][vc_column_text]<\/p>\n<h2 style=\"text-align: center;\"><strong>FROSTSCHUTZKERZE SP8<\/strong><\/h2>\n<div class=\"wpb_text_column wpb_content_element \">\n<div class=\"wpb_wrapper\">\n<p style=\"text-align: center;\">Brenndauer\u00a0\u00a0\u00a0\u00a0\u00a0\u00a0\u00a0 \u00a0\u00a0\u00fcber 8 Stunden<\/p>\n<\/div>\n<\/div>\n<p>[\/vc_column_text][\/vc_column][vc_column width=&#8221;1\/3&#8243;][vc_column_text]<\/p>\n<h2 style=\"text-align: center;\"><strong>FROSTSCHUTZKERZE SP14<\/strong><\/h2>\n<div class=\"wpb_text_column wpb_content_element \">\n<div class=\"wpb_wrapper\">\n<p style=\"text-align: center;\">Brenndauer\u00a0\u00a0\u00a0\u00a0\u00a0\u00a0\u00a0 \u00a0\u00a0bis zu 14 Stunden<\/p>\n<\/div>\n<\/div>\n<p>[\/vc_column_text][\/vc_column][vc_column width=&#8221;1\/3&#8243;][vc_column_text]<\/p>\n<h2 style=\"text-align: center;\"><strong>FROSTSCHUTZKERZE SP14 VEG<\/strong><\/h2>\n<div class=\"wpb_text_column wpb_content_element \">\n<div class=\"wpb_wrapper\">\n<p style=\"text-align: center;\">Brenndauer\u00a0 \u00a0 \u00a0 \u00a0 8 oder 10 Stunden<\/p>\n<\/div>\n<\/div>\n<p>[\/vc_column_text][vc_column_text]<\/p>\n<p style=\"text-align: center;\">con cera 100% vegetale<\/p>\n<p>[\/vc_column_text][\/vc_column][\/vc_row][vc_row css_animation=&#8221;&#8221; row_type=&#8221;row&#8221; use_row_as_full_screen_section=&#8221;no&#8221; type=&#8221;full_width&#8221; angled_section=&#8221;no&#8221; text_align=&#8221;center&#8221; background_image_as_pattern=&#8221;without_pattern&#8221; z_index=&#8221;&#8221;][vc_column width=&#8221;1\/3&#8243;][vc_column_text]<\/p>\n<p>&nbsp;<\/p>\n<p>[\/vc_column_text][vc_empty_space height=&#8221;40px&#8221;][vc_single_image image=&#8221;425&#8243; img_size=&#8221;large&#8221; alignment=&#8221;center&#8221; qode_css_animation=&#8221;&#8221;][vc_single_image image=&#8221;419&#8243; img_size=&#8221;large&#8221; alignment=&#8221;center&#8221; qode_css_animation=&#8221;&#8221;][vc_empty_space height=&#8221;40px&#8221;][\/vc_column][vc_column width=&#8221;1\/3&#8243;][vc_column_text]<\/p>\n<p>&nbsp;<\/p>\n<p>[\/vc_column_text][vc_empty_space height=&#8221;40px&#8221;][vc_single_image image=&#8221;426&#8243; img_size=&#8221;large&#8221; alignment=&#8221;center&#8221; qode_css_animation=&#8221;&#8221;][vc_single_image image=&#8221;420&#8243; img_size=&#8221;large&#8221; alignment=&#8221;center&#8221; qode_css_animation=&#8221;&#8221;][vc_empty_space height=&#8221;40px&#8221;][\/vc_column][vc_column width=&#8221;1\/3&#8243;][vc_column_text]<\/p>\n<p>&nbsp;<\/p>\n<p>[\/vc_column_text][vc_empty_space height=&#8221;40px&#8221;][vc_single_image image=&#8221;428&#8243; img_size=&#8221;large&#8221; alignment=&#8221;center&#8221; qode_css_animation=&#8221;&#8221;][vc_single_image image=&#8221;421&#8243; img_size=&#8221;large&#8221; alignment=&#8221;center&#8221; qode_css_animation=&#8221;&#8221;][vc_empty_space height=&#8221;40px&#8221;][\/vc_column][\/vc_row][vc_row css_animation=&#8221;&#8221; row_type=&#8221;row&#8221; use_row_as_full_screen_section=&#8221;no&#8221; type=&#8221;full_width&#8221; angled_section=&#8221;no&#8221; text_align=&#8221;left&#8221; background_image_as_pattern=&#8221;without_pattern&#8221;][vc_column][vc_empty_space height=&#8221;50px&#8221;][\/vc_column][\/vc_row][vc_row css_animation=&#8221;&#8221; row_type=&#8221;row&#8221; use_row_as_full_screen_section=&#8221;no&#8221; type=&#8221;full_width&#8221; angled_section=&#8221;no&#8221; text_align=&#8221;left&#8221; background_image_as_pattern=&#8221;without_pattern&#8221;][vc_column][vc_empty_space height=&#8221;50px&#8221;][vc_column_text]<\/p>\n<p style=\"text-align: center;\">Alle unsere Frostschutzkerzen sind wiederverwendbar, auch nach teilweisem Gebrauch. Wenn du sie l\u00f6schen m\u00f6chtest, kannst du sie bei Bedarf jederzeit wieder anz\u00fcnden, selbst im n\u00e4chsten Winter.<\/p>\n<p style=\"text-align: center;\">Der Versand erfolgt auf speziell entwickelten Paletten, die eine einfache Platzierung auf unebenem Gel\u00e4nde wie Feldern und Obstg\u00e4rten erm\u00f6glichen.<\/p>\n<p>[\/vc_column_text][vc_empty_space height=&#8221;50px&#8221;][vc_column_text]<\/p>\n<p style=\"text-align: center;\"><strong>PALETTENGR\u00d6SSEN<\/strong><\/p>\n<p>[\/vc_column_text][vc_empty_space height=&#8221;50px&#8221;][vc_row_inner row_type=&#8221;row&#8221; type=&#8221;full_width&#8221; text_align=&#8221;left&#8221; css_animation=&#8221;&#8221;][vc_column_inner width=&#8221;1\/4&#8243;][\/vc_column_inner][vc_column_inner width=&#8221;1\/4&#8243;][vc_column_text]<\/p>\n<p style=\"text-align: center;\"><strong>SP 8<\/strong>\u00a0&#8211; 120x100x120<br \/>\n4 REIHEN NETTOGEWICHT 520 kg \/ BRUTTOGEWICHT 640 kg<\/p>\n<p>[\/vc_column_text][\/vc_column_inner][vc_column_inner width=&#8221;1\/4&#8243;][vc_column_text]<\/p>\n<p style=\"text-align: center;\"><strong>SP 14<\/strong> &#8211; 120x100x138<br \/>\n4 REIHEN NETTOGEWICHT 620 kg \/ BRUTTOGEWICHT 720 kg<\/p>\n<p>[\/vc_column_text][\/vc_column_inner][vc_column_inner width=&#8221;1\/4&#8243;][\/vc_column_inner][\/vc_row_inner][vc_empty_space height=&#8221;50px&#8221;][vc_column_text]<\/p>\n<p style=\"text-align: center;\">Klicke auf die untenstehenden Buttons, um das Produktdatenblatt und das Platzierungsschema herunterzuladen!<\/p>\n<p>[\/vc_column_text][vc_empty_space height=&#8221;50px&#8221;][vc_empty_space height=&#8221;50px&#8221;][\/vc_column][\/vc_row][vc_row css_animation=&#8221;&#8221; row_type=&#8221;row&#8221; use_row_as_full_screen_section=&#8221;no&#8221; type=&#8221;full_width&#8221; angled_section=&#8221;no&#8221; text_align=&#8221;center&#8221; background_image_as_pattern=&#8221;without_pattern&#8221; z_index=&#8221;&#8221;][vc_column width=&#8221;1\/2&#8243;]<a  itemprop=\"url\" href=\"http:\/\/antifrostcandles.com\/wp-content\/uploads\/2022\/01\/Product-info-V3.pdf\" target=\"_blank\"  class=\"qbutton  center default\" style=\"\">PRODUKTDATENBLATT HERUNTERLADEN<\/a>[vc_empty_space height=&#8221;50px&#8221;][vc_empty_space height=&#8221;50px&#8221;][\/vc_column][vc_column width=&#8221;1\/2&#8243;]<a  itemprop=\"url\" href=\"http:\/\/antifrostcandles.com\/wp-content\/uploads\/2022\/01\/schema.pdf\" target=\"_blank\"  class=\"qbutton  center default\" style=\"\">PLATZIERUNGSSCHEMA HERUNTERLADEN<\/a>[vc_empty_space height=&#8221;50px&#8221;][vc_empty_space height=&#8221;50px&#8221;][\/vc_column][\/vc_row][vc_row css_animation=&#8221;&#8221; row_type=&#8221;row&#8221; use_row_as_full_screen_section=&#8221;no&#8221; type=&#8221;full_width&#8221; angled_section=&#8221;no&#8221; text_align=&#8221;left&#8221; background_image_as_pattern=&#8221;without_pattern&#8221; css=&#8221;.vc_custom_1626182860458{background-color: #e5e5e5 !important;}&#8221; z_index=&#8221;&#8221;][vc_column width=&#8221;1\/4&#8243; css=&#8221;.vc_custom_1626183961527{border-bottom-width: 50px !important;padding-top: 25px !important;}&#8221;][vc_column_text]<\/p>\n<h3 style=\"text-align: center;\">HABEN SIE FRAGEN ZU UNSEREN PRODUKTEN?<\/h3>\n<p>&nbsp;<\/p>\n<p style=\"text-align: center;\"><strong>Schreiben Sie \u00fcber das nebenstehende Formular.<\/strong> Wir werden Ihnen so schnell wie m\u00f6glich antworten.<\/p>\n<p>[\/vc_column_text][\/vc_column][vc_column width=&#8221;3\/4&#8243;][vc_column_text]\n<div class=\"wpcf7 no-js\" id=\"wpcf7-f408-o1\" lang=\"de-DE\" dir=\"ltr\">\n<div class=\"screen-reader-response\"><p role=\"status\" aria-live=\"polite\" aria-atomic=\"true\"><\/p> <ul><\/ul><\/div>\n<form action=\"\/german\/wp-json\/wp\/v2\/pages\/404#wpcf7-f408-o1\" method=\"post\" class=\"wpcf7-form init\" aria-label=\"Kontaktformular\" novalidate=\"novalidate\" data-status=\"init\">\n<div style=\"display: none;\">\n<input type=\"hidden\" name=\"_wpcf7\" value=\"408\" \/>\n<input type=\"hidden\" name=\"_wpcf7_version\" value=\"5.7.6\" \/>\n<input type=\"hidden\" name=\"_wpcf7_locale\" value=\"de_DE\" \/>\n<input type=\"hidden\" name=\"_wpcf7_unit_tag\" value=\"wpcf7-f408-o1\" \/>\n<input type=\"hidden\" name=\"_wpcf7_container_post\" value=\"0\" \/>\n<input type=\"hidden\" name=\"_wpcf7_posted_data_hash\" value=\"\" \/>\n<input type=\"hidden\" name=\"_wpcf7_recaptcha_response\" value=\"\" \/>\n<\/div>\n<div id=\"responsive-form\" class=\"clearfix\">\n\t<div class=\"form-row\">\n\t\t<div class=\"column-half\">\n\t\t\t<p><span class=\"wpcf7-form-control-wrap\" data-name=\"your-name\"><input size=\"40\" class=\"wpcf7-form-control wpcf7-text wpcf7-validates-as-required\" aria-required=\"true\" aria-invalid=\"false\" placeholder=\"Rufzeichen*\" value=\"\" type=\"text\" name=\"your-name\" \/><\/span>\n\t\t\t<\/p>\n\t\t<\/div>\n\t\t<div class=\"column-half\">\n\t\t\t<p><span class=\"wpcf7-form-control-wrap\" data-name=\"your-company-name\"><input size=\"40\" class=\"wpcf7-form-control wpcf7-text wpcf7-validates-as-required\" aria-required=\"true\" aria-invalid=\"false\" placeholder=\"Firmenname*\" value=\"\" type=\"text\" name=\"your-company-name\" \/><\/span>\n\t\t\t<\/p>\n\t\t<\/div>\n\t<\/div>\n\t<div class=\"form-row\">\n\t\t<div class=\"column-half\">\n\t\t\t<p><span class=\"wpcf7-form-control-wrap\" data-name=\"your-city\"><input size=\"40\" class=\"wpcf7-form-control wpcf7-text wpcf7-validates-as-required\" aria-required=\"true\" aria-invalid=\"false\" placeholder=\"Stadt*\" value=\"\" type=\"text\" name=\"your-city\" \/><\/span>\n\t\t\t<\/p>\n\t\t<\/div>\n\t\t<div class=\"column-half\">\n\t\t\t<p><span class=\"wpcf7-form-control-wrap\" data-name=\"your-email\"><input size=\"40\" class=\"wpcf7-form-control wpcf7-text wpcf7-email wpcf7-validates-as-required wpcf7-validates-as-email\" aria-required=\"true\" aria-invalid=\"false\" placeholder=\"Email*\" value=\"\" type=\"email\" name=\"your-email\" \/><\/span>\n\t\t\t<\/p>\n\t\t<\/div>\n\t<\/div>\n\t<div class=\"form-row\">\n\t\t<div class=\"column-half\">\n\t\t\t<p><span class=\"wpcf7-form-control-wrap\" data-name=\"your-phone\"><input size=\"40\" class=\"wpcf7-form-control wpcf7-text\" aria-invalid=\"false\" placeholder=\"Telefon\" value=\"\" type=\"text\" name=\"your-phone\" \/><\/span>\n\t\t\t<\/p>\n\t\t<\/div>\n\t\t<div class=\"column-half\">\n\t\t\t<p><span class=\"wpcf7-form-control-wrap\" data-name=\"your-phone\"><input size=\"40\" class=\"wpcf7-form-control wpcf7-text\" aria-invalid=\"false\" placeholder=\"Hektar\" value=\"\" type=\"text\" name=\"your-phone\" \/><\/span>\n\t\t\t<\/p>\n\t\t<\/div>\n\t<\/div>\n\t<div class=\"form-row\">\n\t\t<div class=\"column-half\">\n\t\t\t<p><span class=\"wpcf7-form-control-wrap\" data-name=\"Prodotti\"><select class=\"wpcf7-form-control wpcf7-select\" aria-invalid=\"false\" name=\"Prodotti\"><option value=\"-- W\u00e4hlen --\">-- W\u00e4hlen --<\/option><option value=\"FROSTSCHUTZKERZE SP8\">FROSTSCHUTZKERZE SP8<\/option><option value=\"FROSTSCHUTZKERZE SP14\">FROSTSCHUTZKERZE SP14<\/option><option value=\"FROSTSCHUTZKERZE SP14 VEG\">FROSTSCHUTZKERZE SP14 VEG<\/option><\/select><\/span>\n\t\t\t<\/p>\n\t\t<\/div>\n\t\t<div class=\"column-half\">\n\t\t\t<p><span class=\"wpcf7-form-control-wrap\" data-name=\"your-object\"><input size=\"40\" class=\"wpcf7-form-control wpcf7-text\" aria-invalid=\"false\" placeholder=\"Objekt\" value=\"\" type=\"text\" name=\"your-object\" \/><\/span>\n\t\t\t<\/p>\n\t\t<\/div>\n\t<\/div>\n\t<div class=\"form-row\">\n\t\t<div class=\"column-full\">\n\t\t\t<p><span class=\"wpcf7-form-control-wrap\" data-name=\"your-message\"><textarea cols=\"40\" rows=\"10\" class=\"wpcf7-form-control wpcf7-textarea\" aria-invalid=\"false\" placeholder=\"Nachricht\" name=\"your-message\"><\/textarea><\/span>\n\t\t\t<\/p>\n\t\t<\/div>\n\t<\/div>\n\t<div class=\"form-row\">\n\t\t<div class=\"column-full\">\n\t\t\n\t\t<\/div>\n\t<\/div>\n\t<div class=\"form-row\">\n\t\t<div class=\"column-full\">\n\t\t\t<p><input class=\"wpcf7-form-control has-spinner wpcf7-submit\" type=\"submit\" value=\"Einreichen\" \/>\n\t\t\t<\/p>\n\t\t<\/div>\n\t<\/div>\n<\/div><div class=\"wpcf7-response-output\" aria-hidden=\"true\"><\/div>\n<\/form>\n<\/div>\n[\/vc_column_text][\/vc_column][\/vc_row]<\/p>\n","protected":false},"excerpt":{"rendered":"<p>[vc_row css_animation=&#8221;&#8221; row_type=&#8221;row&#8221; use_row_as_full_screen_section=&#8221;no&#8221; type=&#8221;full_width&#8221; angled_section=&#8221;no&#8221; text_align=&#8221;center&#8221; background_image_as_pattern=&#8221;without_pattern&#8221; z_index=&#8221;&#8221;][vc_column width=&#8221;1\/4&#8243;][\/vc_column][vc_column width=&#8221;1\/2&#8243;][vc_column_text] FROSTSCHUTZKERZEN &nbsp; Die aktive Bodenheizungsmethode wurde seit Jahrzehnten in Regionen mit sp\u00e4ten Fr\u00f6sten erfolgreich eingesetzt und stellt eine kosteng\u00fcnstige und umweltfreundliche Alternative zu anderen teureren und umweltsch\u00e4dlichen Systemen dar. Wir produzieren drei Arten von&#8230;<\/p>\n","protected":false},"author":1,"featured_media":0,"parent":0,"menu_order":0,"comment_status":"closed","ping_status":"closed","template":"","meta":{"footnotes":""},"class_list":["post-404","page","type-page","status-publish","hentry"],"yoast_head":"<!-- This site is optimized with the Yoast SEO plugin v21.5 - https:\/\/yoast.com\/wordpress\/plugins\/seo\/ -->\n<title>PRODUKTE - Anti-Frost Kerze<\/title>\n<meta name=\"robots\" content=\"index, follow, max-snippet:-1, max-image-preview:large, max-video-preview:-1\" \/>\n<link rel=\"canonical\" href=\"https:\/\/antifrostcandles.com\/german\/produkte\/\" \/>\n<meta property=\"og:locale\" content=\"de_DE\" \/>\n<meta property=\"og:type\" content=\"article\" \/>\n<meta property=\"og:title\" content=\"PRODUKTE - Anti-Frost Kerze\" \/>\n<meta property=\"og:description\" content=\"[vc_row css_animation=&#8221;&#8221; row_type=&#8221;row&#8221; use_row_as_full_screen_section=&#8221;no&#8221; type=&#8221;full_width&#8221; angled_section=&#8221;no&#8221; text_align=&#8221;center&#8221; background_image_as_pattern=&#8221;without_pattern&#8221; z_index=&#8221;&#8221;][vc_column width=&#8221;1\/4&#8243;][\/vc_column][vc_column width=&#8221;1\/2&#8243;][vc_column_text] FROSTSCHUTZKERZEN &nbsp; Die aktive Bodenheizungsmethode wurde seit Jahrzehnten in Regionen mit sp\u00e4ten Fr\u00f6sten erfolgreich eingesetzt und stellt eine kosteng\u00fcnstige und umweltfreundliche Alternative zu anderen teureren und umweltsch\u00e4dlichen Systemen dar. Wir produzieren drei Arten von...\" \/>\n<meta property=\"og:url\" content=\"https:\/\/antifrostcandles.com\/german\/produkte\/\" \/>\n<meta property=\"og:site_name\" content=\"Anti-Frost Kerze\" \/>\n<meta property=\"article:modified_time\" content=\"2023-11-28T10:58:06+00:00\" \/>\n<meta name=\"twitter:card\" content=\"summary_large_image\" \/>\n<meta name=\"twitter:label1\" content=\"Gesch\u00e4tzte Lesezeit\" \/>\n\t<meta name=\"twitter:data1\" content=\"2\u00a0Minuten\" \/>\n<script type=\"application\/ld+json\" class=\"yoast-schema-graph\">{\"@context\":\"https:\/\/schema.org\",\"@graph\":[{\"@type\":\"WebPage\",\"@id\":\"https:\/\/antifrostcandles.com\/german\/produkte\/\",\"url\":\"https:\/\/antifrostcandles.com\/german\/produkte\/\",\"name\":\"PRODUKTE - Anti-Frost Kerze\",\"isPartOf\":{\"@id\":\"https:\/\/antifrostcandles.com\/german\/#website\"},\"datePublished\":\"2022-01-21T14:10:10+00:00\",\"dateModified\":\"2023-11-28T10:58:06+00:00\",\"breadcrumb\":{\"@id\":\"https:\/\/antifrostcandles.com\/german\/produkte\/#breadcrumb\"},\"inLanguage\":\"de\",\"potentialAction\":[{\"@type\":\"ReadAction\",\"target\":[\"https:\/\/antifrostcandles.com\/german\/produkte\/\"]}]},{\"@type\":\"BreadcrumbList\",\"@id\":\"https:\/\/antifrostcandles.com\/german\/produkte\/#breadcrumb\",\"itemListElement\":[{\"@type\":\"ListItem\",\"position\":1,\"name\":\"Home\",\"item\":\"https:\/\/antifrostcandles.com\/german\/\"},{\"@type\":\"ListItem\",\"position\":2,\"name\":\"PRODUKTE\"}]},{\"@type\":\"WebSite\",\"@id\":\"https:\/\/antifrostcandles.com\/german\/#website\",\"url\":\"https:\/\/antifrostcandles.com\/german\/\",\"name\":\"Anti-Frost Kerze\",\"description\":\"\",\"potentialAction\":[{\"@type\":\"SearchAction\",\"target\":{\"@type\":\"EntryPoint\",\"urlTemplate\":\"https:\/\/antifrostcandles.com\/german\/?s={search_term_string}\"},\"query-input\":\"required name=search_term_string\"}],\"inLanguage\":\"de\"}]}<\/script>\n<!-- \/ Yoast SEO plugin. -->","yoast_head_json":{"title":"PRODUKTE - Anti-Frost Kerze","robots":{"index":"index","follow":"follow","max-snippet":"max-snippet:-1","max-image-preview":"max-image-preview:large","max-video-preview":"max-video-preview:-1"},"canonical":"https:\/\/antifrostcandles.com\/german\/produkte\/","og_locale":"de_DE","og_type":"article","og_title":"PRODUKTE - Anti-Frost Kerze","og_description":"[vc_row css_animation=&#8221;&#8221; row_type=&#8221;row&#8221; use_row_as_full_screen_section=&#8221;no&#8221; type=&#8221;full_width&#8221; angled_section=&#8221;no&#8221; text_align=&#8221;center&#8221; background_image_as_pattern=&#8221;without_pattern&#8221; z_index=&#8221;&#8221;][vc_column width=&#8221;1\/4&#8243;][\/vc_column][vc_column width=&#8221;1\/2&#8243;][vc_column_text] FROSTSCHUTZKERZEN &nbsp; Die aktive Bodenheizungsmethode wurde seit Jahrzehnten in Regionen mit sp\u00e4ten Fr\u00f6sten erfolgreich eingesetzt und stellt eine kosteng\u00fcnstige und umweltfreundliche Alternative zu anderen teureren und umweltsch\u00e4dlichen Systemen dar. Wir produzieren drei Arten von...","og_url":"https:\/\/antifrostcandles.com\/german\/produkte\/","og_site_name":"Anti-Frost Kerze","article_modified_time":"2023-11-28T10:58:06+00:00","twitter_card":"summary_large_image","twitter_misc":{"Gesch\u00e4tzte Lesezeit":"2\u00a0Minuten"},"schema":{"@context":"https:\/\/schema.org","@graph":[{"@type":"WebPage","@id":"https:\/\/antifrostcandles.com\/german\/produkte\/","url":"https:\/\/antifrostcandles.com\/german\/produkte\/","name":"PRODUKTE - Anti-Frost Kerze","isPartOf":{"@id":"https:\/\/antifrostcandles.com\/german\/#website"},"datePublished":"2022-01-21T14:10:10+00:00","dateModified":"2023-11-28T10:58:06+00:00","breadcrumb":{"@id":"https:\/\/antifrostcandles.com\/german\/produkte\/#breadcrumb"},"inLanguage":"de","potentialAction":[{"@type":"ReadAction","target":["https:\/\/antifrostcandles.com\/german\/produkte\/"]}]},{"@type":"BreadcrumbList","@id":"https:\/\/antifrostcandles.com\/german\/produkte\/#breadcrumb","itemListElement":[{"@type":"ListItem","position":1,"name":"Home","item":"https:\/\/antifrostcandles.com\/german\/"},{"@type":"ListItem","position":2,"name":"PRODUKTE"}]},{"@type":"WebSite","@id":"https:\/\/antifrostcandles.com\/german\/#website","url":"https:\/\/antifrostcandles.com\/german\/","name":"Anti-Frost Kerze","description":"","potentialAction":[{"@type":"SearchAction","target":{"@type":"EntryPoint","urlTemplate":"https:\/\/antifrostcandles.com\/german\/?s={search_term_string}"},"query-input":"required name=search_term_string"}],"inLanguage":"de"}]}},"_links":{"self":[{"href":"https:\/\/antifrostcandles.com\/german\/wp-json\/wp\/v2\/pages\/404","targetHints":{"allow":["GET"]}}],"collection":[{"href":"https:\/\/antifrostcandles.com\/german\/wp-json\/wp\/v2\/pages"}],"about":[{"href":"https:\/\/antifrostcandles.com\/german\/wp-json\/wp\/v2\/types\/page"}],"author":[{"embeddable":true,"href":"https:\/\/antifrostcandles.com\/german\/wp-json\/wp\/v2\/users\/1"}],"replies":[{"embeddable":true,"href":"https:\/\/antifrostcandles.com\/german\/wp-json\/wp\/v2\/comments?post=404"}],"version-history":[{"count":10,"href":"https:\/\/antifrostcandles.com\/german\/wp-json\/wp\/v2\/pages\/404\/revisions"}],"predecessor-version":[{"id":452,"href":"https:\/\/antifrostcandles.com\/german\/wp-json\/wp\/v2\/pages\/404\/revisions\/452"}],"wp:attachment":[{"href":"https:\/\/antifrostcandles.com\/german\/wp-json\/wp\/v2\/media?parent=404"}],"curies":[{"name":"wp","href":"https:\/\/api.w.org\/{rel}","templated":true}]}}